{"id":4777,"date":"2023-11-22T11:03:04","date_gmt":"2023-11-22T11:03:04","guid":{"rendered":"https:\/\/staging.avessoknitlab.com\/?post_type=product&#038;p=4777"},"modified":"2025-01-29T17:05:18","modified_gmt":"2025-01-29T17:05:18","slug":"mangus","status":"publish","type":"product","link":"https:\/\/staging.avessoknitlab.com\/en\/product\/mangus\/","title":{"rendered":"Mangus Lamp"},"content":{"rendered":"<p class=\"p1\">Mangus represents the pinnacle of top-notch detail that we aim to reach.<\/p>\n<p class=\"p1\">By optimising the design to its core, it is possible to achieve clear lighting that's also abundant in detail, outlining its detailed lacs. Radically modern, this lamp integrates the surrounding space with solid, uniform light in all directions without hurting the eyes. When turned off, it immediately becomes a decorative piece, shifting the focus to the three-dimensional details of its fibers, color and softness.<\/p>","protected":false},"excerpt":{"rendered":"<p>Mangus define o detalhe prim\u00f3rdio que desejamos alcan\u00e7ar. Reduzindo o design ao m\u00ednimo, \u00e9 poss\u00edvel obter uma ilumina\u00e7\u00e3o discreta mas abundante em detalhe, onde \u00e9 demarcado todo o pormenor rendilhado. Radicalmente moderno, integrar o espa\u00e7o envolvente com uma luz s\u00f3lida e uniforme em todas as dire\u00e7\u00f5es sem ferir o olhar direto. Quando desligado, torna-se imediatamente [&hellip;]<\/p>","protected":false},"featured_media":4787,"template":"","meta":{"_acf_changed":false},"product_cat":[32],"product_tag":[33,35,45],"class_list":{"0":"post-4777","1":"product","2":"type-product","3":"status-publish","4":"has-post-thumbnail","6":"product_cat-iluminar","7":"product_tag-candeeiro","8":"product_tag-iluminacao","9":"product_tag-torcido","11":"first","12":"instock","13":"taxable","14":"shipping-taxable","15":"purchasable","16":"product-type-variable"},"acf":[],"yoast_head":"<!-- This site is optimized with the Yoast SEO Premium plugin v23.0 (Yoast SEO v23.0) - https:\/\/yoast.com\/wordpress\/plugins\/seo\/ -->\n<title>Mangus - avesso knitlab<\/title>\n<meta name=\"robots\" content=\"noindex, follow, max-snippet:-1, max-image-preview:large, max-video-preview:-1\" \/>\n<meta property=\"og:locale\" content=\"en_GB\" \/>\n<meta property=\"og:type\" content=\"article\" \/>\n<meta property=\"og:title\" content=\"Mangus\" \/>\n<meta property=\"og:description\" content=\"Mangus define o detalhe prim\u00f3rdio que desejamos alcan\u00e7ar. Reduzindo o design ao m\u00ednimo, \u00e9 poss\u00edvel obter uma ilumina\u00e7\u00e3o discreta mas abundante em detalhe, onde \u00e9 demarcado todo o pormenor rendilhado. Radicalmente moderno, integrar o espa\u00e7o envolvente com uma luz s\u00f3lida e uniforme em todas as dire\u00e7\u00f5es sem ferir o olhar direto. Quando desligado, torna-se imediatamente [&hellip;]\" \/>\n<meta property=\"og:url\" content=\"https:\/\/staging.avessoknitlab.com\/en\/product\/mangus\/\" \/>\n<meta property=\"og:site_name\" content=\"avesso knitlab\" \/>\n<meta property=\"article:modified_time\" content=\"2025-01-29T17:05:18+00:00\" \/>\n<meta property=\"og:image\" content=\"https:\/\/staging.avessoknitlab.com\/wp-content\/uploads\/2023\/11\/Candeeiro-Mangus-4.png\" \/>\n\t<meta property=\"og:image:width\" content=\"800\" \/>\n\t<meta property=\"og:image:height\" content=\"861\" \/>\n\t<meta property=\"og:image:type\" content=\"image\/png\" \/>\n<meta name=\"twitter:card\" content=\"summary_large_image\" \/>\n<meta name=\"twitter:label1\" content=\"Availability\" \/>\n\t<meta name=\"twitter:data1\" content=\"In stock\" \/>\n<script type=\"application\/ld+json\" class=\"yoast-schema-graph\">{\"@context\":\"https:\/\/schema.org\",\"@graph\":[{\"@type\":[\"WebPage\",\"ItemPage\"],\"@id\":\"https:\/\/staging.avessoknitlab.com\/product\/mangus\/\",\"url\":\"https:\/\/staging.avessoknitlab.com\/product\/mangus\/\",\"name\":\"Mangus - avesso knitlab\",\"isPartOf\":{\"@id\":\"https:\/\/staging.avessoknitlab.com\/#website\"},\"primaryImageOfPage\":{\"@id\":\"https:\/\/staging.avessoknitlab.com\/product\/mangus\/#primaryimage\"},\"image\":{\"@id\":\"https:\/\/staging.avessoknitlab.com\/product\/mangus\/#primaryimage\"},\"thumbnailUrl\":\"https:\/\/staging.avessoknitlab.com\/wp-content\/uploads\/2023\/11\/Candeeiro-Mangus-4.png\",\"datePublished\":\"2023-11-22T11:03:04+00:00\",\"dateModified\":\"2025-01-29T17:05:18+00:00\",\"breadcrumb\":{\"@id\":\"https:\/\/staging.avessoknitlab.com\/product\/mangus\/#breadcrumb\"},\"inLanguage\":\"en-GB\",\"potentialAction\":[{\"@type\":\"ReadAction\",\"target\":[\"https:\/\/staging.avessoknitlab.com\/product\/mangus\/\"]}]},{\"@type\":\"ImageObject\",\"inLanguage\":\"en-GB\",\"@id\":\"https:\/\/staging.avessoknitlab.com\/product\/mangus\/#primaryimage\",\"url\":\"https:\/\/staging.avessoknitlab.com\/wp-content\/uploads\/2023\/11\/Candeeiro-Mangus-4.png\",\"contentUrl\":\"https:\/\/staging.avessoknitlab.com\/wp-content\/uploads\/2023\/11\/Candeeiro-Mangus-4.png\",\"width\":800,\"height\":861},{\"@type\":\"BreadcrumbList\",\"@id\":\"https:\/\/staging.avessoknitlab.com\/product\/mangus\/#breadcrumb\",\"itemListElement\":[{\"@type\":\"ListItem\",\"position\":1,\"name\":\"Home\",\"item\":\"https:\/\/staging.avessoknitlab.com\/\"},{\"@type\":\"ListItem\",\"position\":2,\"name\":\"Produtos\",\"item\":\"https:\/\/staging.avessoknitlab.com\/produtos\/\"},{\"@type\":\"ListItem\",\"position\":3,\"name\":\"Iluminar\",\"item\":\"https:\/\/staging.avessoknitlab.com\/product-category\/iluminar\/\"},{\"@type\":\"ListItem\",\"position\":4,\"name\":\"Candeeiro Mangus\"}]},{\"@type\":\"WebSite\",\"@id\":\"https:\/\/staging.avessoknitlab.com\/#website\",\"url\":\"https:\/\/staging.avessoknitlab.com\/\",\"name\":\"avesso knitlab\",\"description\":\"Exploring knit boundaries\",\"publisher\":{\"@id\":\"https:\/\/staging.avessoknitlab.com\/#organization\"},\"potentialAction\":[{\"@type\":\"SearchAction\",\"target\":{\"@type\":\"EntryPoint\",\"urlTemplate\":\"https:\/\/staging.avessoknitlab.com\/?s={search_term_string}\"},\"query-input\":\"required name=search_term_string\"}],\"inLanguage\":\"en-GB\"},{\"@type\":\"Organization\",\"@id\":\"https:\/\/staging.avessoknitlab.com\/#organization\",\"name\":\"avesso knitlab\",\"url\":\"https:\/\/staging.avessoknitlab.com\/\",\"logo\":{\"@type\":\"ImageObject\",\"inLanguage\":\"en-GB\",\"@id\":\"https:\/\/staging.avessoknitlab.com\/#\/schema\/logo\/image\/\",\"url\":\"https:\/\/staging.avessoknitlab.com\/wp-content\/uploads\/2023\/06\/avesso-Logo-White.svg\",\"contentUrl\":\"https:\/\/staging.avessoknitlab.com\/wp-content\/uploads\/2023\/06\/avesso-Logo-White.svg\",\"caption\":\"avesso knitlab\"},\"image\":{\"@id\":\"https:\/\/staging.avessoknitlab.com\/#\/schema\/logo\/image\/\"}}]}<\/script>\n<meta property=\"og:availability\" content=\"instock\" \/>\n<meta property=\"product:availability\" content=\"instock\" \/>\n<meta property=\"product:condition\" content=\"new\" \/>\n<!-- \/ Yoast SEO Premium plugin. -->","yoast_head_json":{"title":"Mangus - avesso knitlab","robots":{"index":"noindex","follow":"follow","max-snippet":"max-snippet:-1","max-image-preview":"max-image-preview:large","max-video-preview":"max-video-preview:-1"},"og_locale":"en_GB","og_type":"article","og_title":"Mangus","og_description":"Mangus define o detalhe prim\u00f3rdio que desejamos alcan\u00e7ar. Reduzindo o design ao m\u00ednimo, \u00e9 poss\u00edvel obter uma ilumina\u00e7\u00e3o discreta mas abundante em detalhe, onde \u00e9 demarcado todo o pormenor rendilhado. Radicalmente moderno, integrar o espa\u00e7o envolvente com uma luz s\u00f3lida e uniforme em todas as dire\u00e7\u00f5es sem ferir o olhar direto. Quando desligado, torna-se imediatamente [&hellip;]","og_url":"https:\/\/staging.avessoknitlab.com\/en\/product\/mangus\/","og_site_name":"avesso knitlab","article_modified_time":"2025-01-29T17:05:18+00:00","og_image":[{"width":800,"height":861,"url":"https:\/\/staging.avessoknitlab.com\/wp-content\/uploads\/2023\/11\/Candeeiro-Mangus-4.png","type":"image\/png"}],"twitter_card":"summary_large_image","twitter_misc":{"Availability":"In stock"},"schema":{"@context":"https:\/\/schema.org","@graph":[{"@type":["WebPage","ItemPage"],"@id":"https:\/\/staging.avessoknitlab.com\/product\/mangus\/","url":"https:\/\/staging.avessoknitlab.com\/product\/mangus\/","name":"Mangus - avesso knitlab","isPartOf":{"@id":"https:\/\/staging.avessoknitlab.com\/#website"},"primaryImageOfPage":{"@id":"https:\/\/staging.avessoknitlab.com\/product\/mangus\/#primaryimage"},"image":{"@id":"https:\/\/staging.avessoknitlab.com\/product\/mangus\/#primaryimage"},"thumbnailUrl":"https:\/\/staging.avessoknitlab.com\/wp-content\/uploads\/2023\/11\/Candeeiro-Mangus-4.png","datePublished":"2023-11-22T11:03:04+00:00","dateModified":"2025-01-29T17:05:18+00:00","breadcrumb":{"@id":"https:\/\/staging.avessoknitlab.com\/product\/mangus\/#breadcrumb"},"inLanguage":"en-GB","potentialAction":[{"@type":"ReadAction","target":["https:\/\/staging.avessoknitlab.com\/product\/mangus\/"]}]},{"@type":"ImageObject","inLanguage":"en-GB","@id":"https:\/\/staging.avessoknitlab.com\/product\/mangus\/#primaryimage","url":"https:\/\/staging.avessoknitlab.com\/wp-content\/uploads\/2023\/11\/Candeeiro-Mangus-4.png","contentUrl":"https:\/\/staging.avessoknitlab.com\/wp-content\/uploads\/2023\/11\/Candeeiro-Mangus-4.png","width":800,"height":861},{"@type":"BreadcrumbList","@id":"https:\/\/staging.avessoknitlab.com\/product\/mangus\/#breadcrumb","itemListElement":[{"@type":"ListItem","position":1,"name":"Home","item":"https:\/\/staging.avessoknitlab.com\/"},{"@type":"ListItem","position":2,"name":"Produtos","item":"https:\/\/staging.avessoknitlab.com\/produtos\/"},{"@type":"ListItem","position":3,"name":"Iluminar","item":"https:\/\/staging.avessoknitlab.com\/product-category\/iluminar\/"},{"@type":"ListItem","position":4,"name":"Candeeiro Mangus"}]},{"@type":"WebSite","@id":"https:\/\/staging.avessoknitlab.com\/#website","url":"https:\/\/staging.avessoknitlab.com\/","name":"avesso knitlab","description":"Exploring knit boundaries","publisher":{"@id":"https:\/\/staging.avessoknitlab.com\/#organization"},"potentialAction":[{"@type":"SearchAction","target":{"@type":"EntryPoint","urlTemplate":"https:\/\/staging.avessoknitlab.com\/?s={search_term_string}"},"query-input":"required name=search_term_string"}],"inLanguage":"en-GB"},{"@type":"Organization","@id":"https:\/\/staging.avessoknitlab.com\/#organization","name":"avesso knitlab","url":"https:\/\/staging.avessoknitlab.com\/","logo":{"@type":"ImageObject","inLanguage":"en-GB","@id":"https:\/\/staging.avessoknitlab.com\/#\/schema\/logo\/image\/","url":"https:\/\/staging.avessoknitlab.com\/wp-content\/uploads\/2023\/06\/avesso-Logo-White.svg","contentUrl":"https:\/\/staging.avessoknitlab.com\/wp-content\/uploads\/2023\/06\/avesso-Logo-White.svg","caption":"avesso knitlab"},"image":{"@id":"https:\/\/staging.avessoknitlab.com\/#\/schema\/logo\/image\/"}}]},"og_availability":"instock","product_availability":"instock","product_condition":"new"},"_links":{"self":[{"href":"https:\/\/staging.avessoknitlab.com\/en\/wp-json\/wp\/v2\/product\/4777"}],"collection":[{"href":"https:\/\/staging.avessoknitlab.com\/en\/wp-json\/wp\/v2\/product"}],"about":[{"href":"https:\/\/staging.avessoknitlab.com\/en\/wp-json\/wp\/v2\/types\/product"}],"wp:featuredmedia":[{"embeddable":true,"href":"https:\/\/staging.avessoknitlab.com\/en\/wp-json\/wp\/v2\/media\/4787"}],"wp:attachment":[{"href":"https:\/\/staging.avessoknitlab.com\/en\/wp-json\/wp\/v2\/media?parent=4777"}],"wp:term":[{"taxonomy":"product_cat","embeddable":true,"href":"https:\/\/staging.avessoknitlab.com\/en\/wp-json\/wp\/v2\/product_cat?post=4777"},{"taxonomy":"product_tag","embeddable":true,"href":"https:\/\/staging.avessoknitlab.com\/en\/wp-json\/wp\/v2\/product_tag?post=4777"}],"curies":[{"name":"wp","href":"https:\/\/api.w.org\/{rel}","templated":true}]}}