{"id":4697,"date":"2023-11-22T10:19:51","date_gmt":"2023-11-22T10:19:51","guid":{"rendered":"https:\/\/staging.avessoknitlab.com\/?post_type=product&#038;p=4697"},"modified":"2024-07-23T12:49:46","modified_gmt":"2024-07-23T12:49:46","slug":"candeeiro-mr-warp","status":"publish","type":"product","link":"https:\/\/staging.avessoknitlab.com\/en\/product\/candeeiro-mr-warp\/","title":{"rendered":"Mr. Warp Lamp"},"content":{"rendered":"<p class=\"p1\">Mr. Warp lights any environment and captivates to the utmost detail.<br \/>\nAs an iconic piece in our collection, and with manual finishes, this lamp exposes the most state of the art technique achievable to date, combining top notch technology with an exquisite manual process.<br \/>\nIts polycarbonate tube, along with its two bambu rings and a metallic structure, form this linear beacon of light that's projected in the distortion of its mesh work, thus offering a very daring look.<\/p>\n<p class=\"p1\">It's available in two sizes, and various colours and tridimensional patterns.<\/p>","protected":false},"excerpt":{"rendered":"<p>Mr Warp ilumina um ambiente e cativa pelo seu detalhe \u00ednfimo. Sendo a pe\u00e7a ic\u00f3nica da nossa cole\u00e7\u00e3o, com acabamentos manuais, exp\u00f5e uma t\u00e9cnica suprema alcan\u00e7\u00e1vel at\u00e9 \u00e0 data, onde junta tecnologia e processo manual de luxo. O tubo de policarbonato, em conjunto com dois an\u00e9is de bambu e uma estrutura met\u00e1lica, formam esta linearidade [&hellip;]<\/p>","protected":false},"featured_media":5080,"template":"","meta":{"_acf_changed":false},"product_cat":[32],"product_tag":[33,35,45],"class_list":{"0":"post-4697","1":"product","2":"type-product","3":"status-publish","4":"has-post-thumbnail","6":"product_cat-iluminar","7":"product_tag-candeeiro","8":"product_tag-iluminacao","9":"product_tag-torcido","11":"first","12":"instock","13":"taxable","14":"shipping-taxable","15":"purchasable","16":"product-type-variable"},"acf":[],"yoast_head":"<!-- This site is optimized with the Yoast SEO Premium plugin v23.0 (Yoast SEO v23.0) - https:\/\/yoast.com\/wordpress\/plugins\/seo\/ -->\n<title>Candeeiro Mr Warp - avesso knitlab<\/title>\n<meta name=\"robots\" content=\"noindex, follow, max-snippet:-1, max-image-preview:large, max-video-preview:-1\" \/>\n<meta property=\"og:locale\" content=\"en_GB\" \/>\n<meta property=\"og:type\" content=\"article\" \/>\n<meta property=\"og:title\" content=\"Candeeiro Mr Warp\" \/>\n<meta property=\"og:description\" content=\"Mr Warp ilumina um ambiente e cativa pelo seu detalhe \u00ednfimo. Sendo a pe\u00e7a ic\u00f3nica da nossa cole\u00e7\u00e3o, com acabamentos manuais, exp\u00f5e uma t\u00e9cnica suprema alcan\u00e7\u00e1vel at\u00e9 \u00e0 data, onde junta tecnologia e processo manual de luxo. O tubo de policarbonato, em conjunto com dois an\u00e9is de bambu e uma estrutura met\u00e1lica, formam esta linearidade [&hellip;]\" \/>\n<meta property=\"og:url\" content=\"https:\/\/staging.avessoknitlab.com\/en\/product\/candeeiro-mr-warp\/\" \/>\n<meta property=\"og:site_name\" content=\"avesso knitlab\" \/>\n<meta property=\"article:modified_time\" content=\"2024-07-23T12:49:46+00:00\" \/>\n<meta property=\"og:image\" content=\"https:\/\/staging.avessoknitlab.com\/wp-content\/uploads\/2023\/11\/MrWarp5.jpg\" \/>\n\t<meta property=\"og:image:width\" content=\"1110\" \/>\n\t<meta property=\"og:image:height\" content=\"618\" \/>\n\t<meta property=\"og:image:type\" content=\"image\/jpeg\" \/>\n<meta name=\"twitter:card\" content=\"summary_large_image\" \/>\n<meta name=\"twitter:label1\" content=\"Availability\" \/>\n\t<meta name=\"twitter:data1\" content=\"In stock\" \/>\n<script type=\"application\/ld+json\" class=\"yoast-schema-graph\">{\"@context\":\"https:\/\/schema.org\",\"@graph\":[{\"@type\":[\"WebPage\",\"ItemPage\"],\"@id\":\"https:\/\/staging.avessoknitlab.com\/product\/candeeiro-mr-warp\/\",\"url\":\"https:\/\/staging.avessoknitlab.com\/product\/candeeiro-mr-warp\/\",\"name\":\"Candeeiro Mr Warp - avesso knitlab\",\"isPartOf\":{\"@id\":\"https:\/\/staging.avessoknitlab.com\/#website\"},\"primaryImageOfPage\":{\"@id\":\"https:\/\/staging.avessoknitlab.com\/product\/candeeiro-mr-warp\/#primaryimage\"},\"image\":{\"@id\":\"https:\/\/staging.avessoknitlab.com\/product\/candeeiro-mr-warp\/#primaryimage\"},\"thumbnailUrl\":\"https:\/\/staging.avessoknitlab.com\/wp-content\/uploads\/2023\/11\/MrWarp5.jpg\",\"datePublished\":\"2023-11-22T10:19:51+00:00\",\"dateModified\":\"2024-07-23T12:49:46+00:00\",\"breadcrumb\":{\"@id\":\"https:\/\/staging.avessoknitlab.com\/product\/candeeiro-mr-warp\/#breadcrumb\"},\"inLanguage\":\"en-GB\",\"potentialAction\":[{\"@type\":\"ReadAction\",\"target\":[\"https:\/\/staging.avessoknitlab.com\/product\/candeeiro-mr-warp\/\"]}]},{\"@type\":\"ImageObject\",\"inLanguage\":\"en-GB\",\"@id\":\"https:\/\/staging.avessoknitlab.com\/product\/candeeiro-mr-warp\/#primaryimage\",\"url\":\"https:\/\/staging.avessoknitlab.com\/wp-content\/uploads\/2023\/11\/MrWarp5.jpg\",\"contentUrl\":\"https:\/\/staging.avessoknitlab.com\/wp-content\/uploads\/2023\/11\/MrWarp5.jpg\",\"width\":1110,\"height\":618},{\"@type\":\"BreadcrumbList\",\"@id\":\"https:\/\/staging.avessoknitlab.com\/product\/candeeiro-mr-warp\/#breadcrumb\",\"itemListElement\":[{\"@type\":\"ListItem\",\"position\":1,\"name\":\"Home\",\"item\":\"https:\/\/staging.avessoknitlab.com\/\"},{\"@type\":\"ListItem\",\"position\":2,\"name\":\"Produtos\",\"item\":\"https:\/\/staging.avessoknitlab.com\/produtos\/\"},{\"@type\":\"ListItem\",\"position\":3,\"name\":\"Iluminar\",\"item\":\"https:\/\/staging.avessoknitlab.com\/product-category\/iluminar\/\"},{\"@type\":\"ListItem\",\"position\":4,\"name\":\"Candeeiro Mr Warp\"}]},{\"@type\":\"WebSite\",\"@id\":\"https:\/\/staging.avessoknitlab.com\/#website\",\"url\":\"https:\/\/staging.avessoknitlab.com\/\",\"name\":\"avesso knitlab\",\"description\":\"Exploring knit boundaries\",\"publisher\":{\"@id\":\"https:\/\/staging.avessoknitlab.com\/#organization\"},\"potentialAction\":[{\"@type\":\"SearchAction\",\"target\":{\"@type\":\"EntryPoint\",\"urlTemplate\":\"https:\/\/staging.avessoknitlab.com\/?s={search_term_string}\"},\"query-input\":\"required name=search_term_string\"}],\"inLanguage\":\"en-GB\"},{\"@type\":\"Organization\",\"@id\":\"https:\/\/staging.avessoknitlab.com\/#organization\",\"name\":\"avesso knitlab\",\"url\":\"https:\/\/staging.avessoknitlab.com\/\",\"logo\":{\"@type\":\"ImageObject\",\"inLanguage\":\"en-GB\",\"@id\":\"https:\/\/staging.avessoknitlab.com\/#\/schema\/logo\/image\/\",\"url\":\"https:\/\/staging.avessoknitlab.com\/wp-content\/uploads\/2023\/06\/avesso-Logo-White.svg\",\"contentUrl\":\"https:\/\/staging.avessoknitlab.com\/wp-content\/uploads\/2023\/06\/avesso-Logo-White.svg\",\"caption\":\"avesso knitlab\"},\"image\":{\"@id\":\"https:\/\/staging.avessoknitlab.com\/#\/schema\/logo\/image\/\"}}]}<\/script>\n<meta property=\"og:availability\" content=\"instock\" \/>\n<meta property=\"product:availability\" content=\"instock\" \/>\n<meta property=\"product:condition\" content=\"new\" \/>\n<!-- \/ Yoast SEO Premium plugin. -->","yoast_head_json":{"title":"Candeeiro Mr Warp - avesso knitlab","robots":{"index":"noindex","follow":"follow","max-snippet":"max-snippet:-1","max-image-preview":"max-image-preview:large","max-video-preview":"max-video-preview:-1"},"og_locale":"en_GB","og_type":"article","og_title":"Candeeiro Mr Warp","og_description":"Mr Warp ilumina um ambiente e cativa pelo seu detalhe \u00ednfimo. Sendo a pe\u00e7a ic\u00f3nica da nossa cole\u00e7\u00e3o, com acabamentos manuais, exp\u00f5e uma t\u00e9cnica suprema alcan\u00e7\u00e1vel at\u00e9 \u00e0 data, onde junta tecnologia e processo manual de luxo. O tubo de policarbonato, em conjunto com dois an\u00e9is de bambu e uma estrutura met\u00e1lica, formam esta linearidade [&hellip;]","og_url":"https:\/\/staging.avessoknitlab.com\/en\/product\/candeeiro-mr-warp\/","og_site_name":"avesso knitlab","article_modified_time":"2024-07-23T12:49:46+00:00","og_image":[{"width":1110,"height":618,"url":"https:\/\/staging.avessoknitlab.com\/wp-content\/uploads\/2023\/11\/MrWarp5.jpg","type":"image\/jpeg"}],"twitter_card":"summary_large_image","twitter_misc":{"Availability":"In stock"},"schema":{"@context":"https:\/\/schema.org","@graph":[{"@type":["WebPage","ItemPage"],"@id":"https:\/\/staging.avessoknitlab.com\/product\/candeeiro-mr-warp\/","url":"https:\/\/staging.avessoknitlab.com\/product\/candeeiro-mr-warp\/","name":"Candeeiro Mr Warp - avesso knitlab","isPartOf":{"@id":"https:\/\/staging.avessoknitlab.com\/#website"},"primaryImageOfPage":{"@id":"https:\/\/staging.avessoknitlab.com\/product\/candeeiro-mr-warp\/#primaryimage"},"image":{"@id":"https:\/\/staging.avessoknitlab.com\/product\/candeeiro-mr-warp\/#primaryimage"},"thumbnailUrl":"https:\/\/staging.avessoknitlab.com\/wp-content\/uploads\/2023\/11\/MrWarp5.jpg","datePublished":"2023-11-22T10:19:51+00:00","dateModified":"2024-07-23T12:49:46+00:00","breadcrumb":{"@id":"https:\/\/staging.avessoknitlab.com\/product\/candeeiro-mr-warp\/#breadcrumb"},"inLanguage":"en-GB","potentialAction":[{"@type":"ReadAction","target":["https:\/\/staging.avessoknitlab.com\/product\/candeeiro-mr-warp\/"]}]},{"@type":"ImageObject","inLanguage":"en-GB","@id":"https:\/\/staging.avessoknitlab.com\/product\/candeeiro-mr-warp\/#primaryimage","url":"https:\/\/staging.avessoknitlab.com\/wp-content\/uploads\/2023\/11\/MrWarp5.jpg","contentUrl":"https:\/\/staging.avessoknitlab.com\/wp-content\/uploads\/2023\/11\/MrWarp5.jpg","width":1110,"height":618},{"@type":"BreadcrumbList","@id":"https:\/\/staging.avessoknitlab.com\/product\/candeeiro-mr-warp\/#breadcrumb","itemListElement":[{"@type":"ListItem","position":1,"name":"Home","item":"https:\/\/staging.avessoknitlab.com\/"},{"@type":"ListItem","position":2,"name":"Produtos","item":"https:\/\/staging.avessoknitlab.com\/produtos\/"},{"@type":"ListItem","position":3,"name":"Iluminar","item":"https:\/\/staging.avessoknitlab.com\/product-category\/iluminar\/"},{"@type":"ListItem","position":4,"name":"Candeeiro Mr Warp"}]},{"@type":"WebSite","@id":"https:\/\/staging.avessoknitlab.com\/#website","url":"https:\/\/staging.avessoknitlab.com\/","name":"avesso knitlab","description":"Exploring knit boundaries","publisher":{"@id":"https:\/\/staging.avessoknitlab.com\/#organization"},"potentialAction":[{"@type":"SearchAction","target":{"@type":"EntryPoint","urlTemplate":"https:\/\/staging.avessoknitlab.com\/?s={search_term_string}"},"query-input":"required name=search_term_string"}],"inLanguage":"en-GB"},{"@type":"Organization","@id":"https:\/\/staging.avessoknitlab.com\/#organization","name":"avesso knitlab","url":"https:\/\/staging.avessoknitlab.com\/","logo":{"@type":"ImageObject","inLanguage":"en-GB","@id":"https:\/\/staging.avessoknitlab.com\/#\/schema\/logo\/image\/","url":"https:\/\/staging.avessoknitlab.com\/wp-content\/uploads\/2023\/06\/avesso-Logo-White.svg","contentUrl":"https:\/\/staging.avessoknitlab.com\/wp-content\/uploads\/2023\/06\/avesso-Logo-White.svg","caption":"avesso knitlab"},"image":{"@id":"https:\/\/staging.avessoknitlab.com\/#\/schema\/logo\/image\/"}}]},"og_availability":"instock","product_availability":"instock","product_condition":"new"},"_links":{"self":[{"href":"https:\/\/staging.avessoknitlab.com\/en\/wp-json\/wp\/v2\/product\/4697"}],"collection":[{"href":"https:\/\/staging.avessoknitlab.com\/en\/wp-json\/wp\/v2\/product"}],"about":[{"href":"https:\/\/staging.avessoknitlab.com\/en\/wp-json\/wp\/v2\/types\/product"}],"wp:featuredmedia":[{"embeddable":true,"href":"https:\/\/staging.avessoknitlab.com\/en\/wp-json\/wp\/v2\/media\/5080"}],"wp:attachment":[{"href":"https:\/\/staging.avessoknitlab.com\/en\/wp-json\/wp\/v2\/media?parent=4697"}],"wp:term":[{"taxonomy":"product_cat","embeddable":true,"href":"https:\/\/staging.avessoknitlab.com\/en\/wp-json\/wp\/v2\/product_cat?post=4697"},{"taxonomy":"product_tag","embeddable":true,"href":"https:\/\/staging.avessoknitlab.com\/en\/wp-json\/wp\/v2\/product_tag?post=4697"}],"curies":[{"name":"wp","href":"https:\/\/api.w.org\/{rel}","templated":true}]}}