{"id":4672,"date":"2023-11-22T01:13:47","date_gmt":"2023-11-22T01:13:47","guid":{"rendered":"https:\/\/staging.avessoknitlab.com\/?post_type=product&#038;p=4672"},"modified":"2024-07-23T15:22:55","modified_gmt":"2024-07-23T15:22:55","slug":"base-seep","status":"publish","type":"product","link":"https:\/\/staging.avessoknitlab.com\/en\/product\/base-seep\/","title":{"rendered":"Seep Coaster (set 4)"},"content":{"rendered":"<p>Seep provides comfort, stability and presence.<br \/>\nKnitted as a single piece with our cutting-edge technology, this set stands out from an ecological standpoint, while highlighting the desk it's on with a touch of elegance or diversion. It's available in vast plethora of colors and sizes.<\/p>","protected":false},"excerpt":{"rendered":"<p>Seep d\u00e1 conforto, oferece estabilidade e tem presen\u00e7a. Tecidas numa \u00fanica pe\u00e7a com a nossa melhor tecnologia, uma base para copos ganha destaque pela vanguarda ecol\u00f3gica, enquanto enaltece a sua mesa com um toque de eleg\u00e2ncia ou divers\u00e3o, disp\u00f5e de um vasto conjunto de tamanhos e cores dispon\u00edveis.<\/p>","protected":false},"featured_media":5090,"template":"","meta":{"_acf_changed":false},"product_cat":[73],"product_tag":[33,35,45],"class_list":{"0":"post-4672","1":"product","2":"type-product","3":"status-publish","4":"has-post-thumbnail","6":"product_cat-decorar","7":"product_tag-candeeiro","8":"product_tag-iluminacao","9":"product_tag-torcido","11":"first","12":"instock","13":"taxable","14":"shipping-taxable","15":"purchasable","16":"product-type-variable"},"acf":[],"yoast_head":"<!-- This site is optimized with the Yoast SEO Premium plugin v23.0 (Yoast SEO v23.0) - https:\/\/yoast.com\/wordpress\/plugins\/seo\/ -->\n<title>Base Seep (set 4) - avesso knitlab<\/title>\n<meta name=\"robots\" content=\"noindex, follow, max-snippet:-1, max-image-preview:large, max-video-preview:-1\" \/>\n<meta property=\"og:locale\" content=\"en_GB\" \/>\n<meta property=\"og:type\" content=\"article\" \/>\n<meta property=\"og:title\" content=\"Base Seep (set 4)\" \/>\n<meta property=\"og:description\" content=\"Seep d\u00e1 conforto, oferece estabilidade e tem presen\u00e7a. Tecidas numa \u00fanica pe\u00e7a com a nossa melhor tecnologia, uma base para copos ganha destaque pela vanguarda ecol\u00f3gica, enquanto enaltece a sua mesa com um toque de eleg\u00e2ncia ou divers\u00e3o, disp\u00f5e de um vasto conjunto de tamanhos e cores dispon\u00edveis.\" \/>\n<meta property=\"og:url\" content=\"https:\/\/staging.avessoknitlab.com\/en\/product\/base-seep\/\" \/>\n<meta property=\"og:site_name\" content=\"avesso knitlab\" \/>\n<meta property=\"article:modified_time\" content=\"2024-07-23T15:22:55+00:00\" \/>\n<meta property=\"og:image\" content=\"https:\/\/staging.avessoknitlab.com\/wp-content\/uploads\/2023\/11\/Copos10.jpg\" \/>\n\t<meta property=\"og:image:width\" content=\"1110\" \/>\n\t<meta property=\"og:image:height\" content=\"618\" \/>\n\t<meta property=\"og:image:type\" content=\"image\/jpeg\" \/>\n<meta name=\"twitter:card\" content=\"summary_large_image\" \/>\n<meta name=\"twitter:label1\" content=\"Availability\" \/>\n\t<meta name=\"twitter:data1\" content=\"In stock\" \/>\n<script type=\"application\/ld+json\" class=\"yoast-schema-graph\">{\"@context\":\"https:\/\/schema.org\",\"@graph\":[{\"@type\":[\"WebPage\",\"ItemPage\"],\"@id\":\"https:\/\/staging.avessoknitlab.com\/product\/base-seep\/\",\"url\":\"https:\/\/staging.avessoknitlab.com\/product\/base-seep\/\",\"name\":\"Base Seep (set 4) - avesso knitlab\",\"isPartOf\":{\"@id\":\"https:\/\/staging.avessoknitlab.com\/#website\"},\"primaryImageOfPage\":{\"@id\":\"https:\/\/staging.avessoknitlab.com\/product\/base-seep\/#primaryimage\"},\"image\":{\"@id\":\"https:\/\/staging.avessoknitlab.com\/product\/base-seep\/#primaryimage\"},\"thumbnailUrl\":\"https:\/\/staging.avessoknitlab.com\/wp-content\/uploads\/2023\/11\/Copos10.jpg\",\"datePublished\":\"2023-11-22T01:13:47+00:00\",\"dateModified\":\"2024-07-23T15:22:55+00:00\",\"breadcrumb\":{\"@id\":\"https:\/\/staging.avessoknitlab.com\/product\/base-seep\/#breadcrumb\"},\"inLanguage\":\"en-GB\",\"potentialAction\":[{\"@type\":\"ReadAction\",\"target\":[\"https:\/\/staging.avessoknitlab.com\/product\/base-seep\/\"]}]},{\"@type\":\"ImageObject\",\"inLanguage\":\"en-GB\",\"@id\":\"https:\/\/staging.avessoknitlab.com\/product\/base-seep\/#primaryimage\",\"url\":\"https:\/\/staging.avessoknitlab.com\/wp-content\/uploads\/2023\/11\/Copos10.jpg\",\"contentUrl\":\"https:\/\/staging.avessoknitlab.com\/wp-content\/uploads\/2023\/11\/Copos10.jpg\",\"width\":1110,\"height\":618},{\"@type\":\"BreadcrumbList\",\"@id\":\"https:\/\/staging.avessoknitlab.com\/product\/base-seep\/#breadcrumb\",\"itemListElement\":[{\"@type\":\"ListItem\",\"position\":1,\"name\":\"Home\",\"item\":\"https:\/\/staging.avessoknitlab.com\/\"},{\"@type\":\"ListItem\",\"position\":2,\"name\":\"Produtos\",\"item\":\"https:\/\/staging.avessoknitlab.com\/produtos\/\"},{\"@type\":\"ListItem\",\"position\":3,\"name\":\"Decorar\",\"item\":\"https:\/\/staging.avessoknitlab.com\/product-category\/decorar\/\"},{\"@type\":\"ListItem\",\"position\":4,\"name\":\"Base Seep (set 4)\"}]},{\"@type\":\"WebSite\",\"@id\":\"https:\/\/staging.avessoknitlab.com\/#website\",\"url\":\"https:\/\/staging.avessoknitlab.com\/\",\"name\":\"avesso knitlab\",\"description\":\"Exploring knit boundaries\",\"publisher\":{\"@id\":\"https:\/\/staging.avessoknitlab.com\/#organization\"},\"potentialAction\":[{\"@type\":\"SearchAction\",\"target\":{\"@type\":\"EntryPoint\",\"urlTemplate\":\"https:\/\/staging.avessoknitlab.com\/?s={search_term_string}\"},\"query-input\":\"required name=search_term_string\"}],\"inLanguage\":\"en-GB\"},{\"@type\":\"Organization\",\"@id\":\"https:\/\/staging.avessoknitlab.com\/#organization\",\"name\":\"avesso knitlab\",\"url\":\"https:\/\/staging.avessoknitlab.com\/\",\"logo\":{\"@type\":\"ImageObject\",\"inLanguage\":\"en-GB\",\"@id\":\"https:\/\/staging.avessoknitlab.com\/#\/schema\/logo\/image\/\",\"url\":\"https:\/\/staging.avessoknitlab.com\/wp-content\/uploads\/2023\/06\/avesso-Logo-White.svg\",\"contentUrl\":\"https:\/\/staging.avessoknitlab.com\/wp-content\/uploads\/2023\/06\/avesso-Logo-White.svg\",\"caption\":\"avesso knitlab\"},\"image\":{\"@id\":\"https:\/\/staging.avessoknitlab.com\/#\/schema\/logo\/image\/\"}}]}<\/script>\n<meta property=\"og:availability\" content=\"instock\" \/>\n<meta property=\"product:availability\" content=\"instock\" \/>\n<meta property=\"product:condition\" content=\"new\" \/>\n<!-- \/ Yoast SEO Premium plugin. -->","yoast_head_json":{"title":"Base Seep (set 4) - avesso knitlab","robots":{"index":"noindex","follow":"follow","max-snippet":"max-snippet:-1","max-image-preview":"max-image-preview:large","max-video-preview":"max-video-preview:-1"},"og_locale":"en_GB","og_type":"article","og_title":"Base Seep (set 4)","og_description":"Seep d\u00e1 conforto, oferece estabilidade e tem presen\u00e7a. Tecidas numa \u00fanica pe\u00e7a com a nossa melhor tecnologia, uma base para copos ganha destaque pela vanguarda ecol\u00f3gica, enquanto enaltece a sua mesa com um toque de eleg\u00e2ncia ou divers\u00e3o, disp\u00f5e de um vasto conjunto de tamanhos e cores dispon\u00edveis.","og_url":"https:\/\/staging.avessoknitlab.com\/en\/product\/base-seep\/","og_site_name":"avesso knitlab","article_modified_time":"2024-07-23T15:22:55+00:00","og_image":[{"width":1110,"height":618,"url":"https:\/\/staging.avessoknitlab.com\/wp-content\/uploads\/2023\/11\/Copos10.jpg","type":"image\/jpeg"}],"twitter_card":"summary_large_image","twitter_misc":{"Availability":"In stock"},"schema":{"@context":"https:\/\/schema.org","@graph":[{"@type":["WebPage","ItemPage"],"@id":"https:\/\/staging.avessoknitlab.com\/product\/base-seep\/","url":"https:\/\/staging.avessoknitlab.com\/product\/base-seep\/","name":"Base Seep (set 4) - avesso knitlab","isPartOf":{"@id":"https:\/\/staging.avessoknitlab.com\/#website"},"primaryImageOfPage":{"@id":"https:\/\/staging.avessoknitlab.com\/product\/base-seep\/#primaryimage"},"image":{"@id":"https:\/\/staging.avessoknitlab.com\/product\/base-seep\/#primaryimage"},"thumbnailUrl":"https:\/\/staging.avessoknitlab.com\/wp-content\/uploads\/2023\/11\/Copos10.jpg","datePublished":"2023-11-22T01:13:47+00:00","dateModified":"2024-07-23T15:22:55+00:00","breadcrumb":{"@id":"https:\/\/staging.avessoknitlab.com\/product\/base-seep\/#breadcrumb"},"inLanguage":"en-GB","potentialAction":[{"@type":"ReadAction","target":["https:\/\/staging.avessoknitlab.com\/product\/base-seep\/"]}]},{"@type":"ImageObject","inLanguage":"en-GB","@id":"https:\/\/staging.avessoknitlab.com\/product\/base-seep\/#primaryimage","url":"https:\/\/staging.avessoknitlab.com\/wp-content\/uploads\/2023\/11\/Copos10.jpg","contentUrl":"https:\/\/staging.avessoknitlab.com\/wp-content\/uploads\/2023\/11\/Copos10.jpg","width":1110,"height":618},{"@type":"BreadcrumbList","@id":"https:\/\/staging.avessoknitlab.com\/product\/base-seep\/#breadcrumb","itemListElement":[{"@type":"ListItem","position":1,"name":"Home","item":"https:\/\/staging.avessoknitlab.com\/"},{"@type":"ListItem","position":2,"name":"Produtos","item":"https:\/\/staging.avessoknitlab.com\/produtos\/"},{"@type":"ListItem","position":3,"name":"Decorar","item":"https:\/\/staging.avessoknitlab.com\/product-category\/decorar\/"},{"@type":"ListItem","position":4,"name":"Base Seep (set 4)"}]},{"@type":"WebSite","@id":"https:\/\/staging.avessoknitlab.com\/#website","url":"https:\/\/staging.avessoknitlab.com\/","name":"avesso knitlab","description":"Exploring knit boundaries","publisher":{"@id":"https:\/\/staging.avessoknitlab.com\/#organization"},"potentialAction":[{"@type":"SearchAction","target":{"@type":"EntryPoint","urlTemplate":"https:\/\/staging.avessoknitlab.com\/?s={search_term_string}"},"query-input":"required name=search_term_string"}],"inLanguage":"en-GB"},{"@type":"Organization","@id":"https:\/\/staging.avessoknitlab.com\/#organization","name":"avesso knitlab","url":"https:\/\/staging.avessoknitlab.com\/","logo":{"@type":"ImageObject","inLanguage":"en-GB","@id":"https:\/\/staging.avessoknitlab.com\/#\/schema\/logo\/image\/","url":"https:\/\/staging.avessoknitlab.com\/wp-content\/uploads\/2023\/06\/avesso-Logo-White.svg","contentUrl":"https:\/\/staging.avessoknitlab.com\/wp-content\/uploads\/2023\/06\/avesso-Logo-White.svg","caption":"avesso knitlab"},"image":{"@id":"https:\/\/staging.avessoknitlab.com\/#\/schema\/logo\/image\/"}}]},"og_availability":"instock","product_availability":"instock","product_condition":"new"},"_links":{"self":[{"href":"https:\/\/staging.avessoknitlab.com\/en\/wp-json\/wp\/v2\/product\/4672"}],"collection":[{"href":"https:\/\/staging.avessoknitlab.com\/en\/wp-json\/wp\/v2\/product"}],"about":[{"href":"https:\/\/staging.avessoknitlab.com\/en\/wp-json\/wp\/v2\/types\/product"}],"wp:featuredmedia":[{"embeddable":true,"href":"https:\/\/staging.avessoknitlab.com\/en\/wp-json\/wp\/v2\/media\/5090"}],"wp:attachment":[{"href":"https:\/\/staging.avessoknitlab.com\/en\/wp-json\/wp\/v2\/media?parent=4672"}],"wp:term":[{"taxonomy":"product_cat","embeddable":true,"href":"https:\/\/staging.avessoknitlab.com\/en\/wp-json\/wp\/v2\/product_cat?post=4672"},{"taxonomy":"product_tag","embeddable":true,"href":"https:\/\/staging.avessoknitlab.com\/en\/wp-json\/wp\/v2\/product_tag?post=4672"}],"curies":[{"name":"wp","href":"https:\/\/api.w.org\/{rel}","templated":true}]}}