{"id":4540,"date":"2023-11-21T13:29:12","date_gmt":"2023-11-21T13:29:12","guid":{"rendered":"https:\/\/staging.avessoknitlab.com\/?post_type=product&#038;p=4540"},"modified":"2024-02-14T15:27:27","modified_gmt":"2024-02-14T15:27:27","slug":"puff-noto","status":"publish","type":"product","link":"https:\/\/staging.avessoknitlab.com\/en\/product\/puff-noto\/","title":{"rendered":"Noto Puff"},"content":{"rendered":"<p>Noto is inspired by a rope trinket, coming from a sea motif. From it external layer to its filling (composed of prime matter), everything is (or used to be) sewn mesh fabric, made with recyclable material, 100% cotton.<br \/>\nThis object allows for a facilitated positioning. Thus, unlike many other <em>puffs<\/em>, which are heavy and hard to drag from one place to another, Noto can easily be carried or rolled around, no matter which side you use to sit on it.<\/p>","protected":false},"excerpt":{"rendered":"<p>Noto \u00e9 inspirado num berloque de corda, proveniente do background mar\u00edtimo. Da camada externa ao enchimento com aproveitamento de mat\u00e9ria prima, tudo \u00e9 ou j\u00e1 foi malha costurada, onde todo o material usado \u00e9 recicl\u00e1vel, 100% algod\u00e3o. Este objeto oferece propriedades de posicionamento facilitado, que contrariamente a muitos puffs, pesados e dif\u00edceis de arrastar para [&hellip;]<\/p>","protected":false},"featured_media":5032,"template":"","meta":{"_acf_changed":false},"product_cat":[55],"product_tag":[33,35,45],"class_list":{"0":"post-4540","1":"product","2":"type-product","3":"status-publish","4":"has-post-thumbnail","6":"product_cat-sentar","7":"product_tag-candeeiro","8":"product_tag-iluminacao","9":"product_tag-torcido","11":"first","12":"instock","13":"taxable","14":"shipping-taxable","15":"purchasable","16":"product-type-variable"},"acf":[],"yoast_head":"<!-- This site is optimized with the Yoast SEO Premium plugin v23.0 (Yoast SEO v23.0) - https:\/\/yoast.com\/wordpress\/plugins\/seo\/ -->\n<title>Puff Noto - avesso knitlab<\/title>\n<meta name=\"robots\" content=\"noindex, follow, max-snippet:-1, max-image-preview:large, max-video-preview:-1\" \/>\n<meta property=\"og:locale\" content=\"en_GB\" \/>\n<meta property=\"og:type\" content=\"article\" \/>\n<meta property=\"og:title\" content=\"Puff Noto\" \/>\n<meta property=\"og:description\" content=\"Noto \u00e9 inspirado num berloque de corda, proveniente do background mar\u00edtimo. Da camada externa ao enchimento com aproveitamento de mat\u00e9ria prima, tudo \u00e9 ou j\u00e1 foi malha costurada, onde todo o material usado \u00e9 recicl\u00e1vel, 100% algod\u00e3o. Este objeto oferece propriedades de posicionamento facilitado, que contrariamente a muitos puffs, pesados e dif\u00edceis de arrastar para [&hellip;]\" \/>\n<meta property=\"og:url\" content=\"https:\/\/staging.avessoknitlab.com\/en\/product\/puff-noto\/\" \/>\n<meta property=\"og:site_name\" content=\"avesso knitlab\" \/>\n<meta property=\"article:modified_time\" content=\"2024-02-14T15:27:27+00:00\" \/>\n<meta property=\"og:image\" content=\"https:\/\/staging.avessoknitlab.com\/wp-content\/uploads\/2023\/11\/PuffNoto3.jpg\" \/>\n\t<meta property=\"og:image:width\" content=\"1110\" \/>\n\t<meta property=\"og:image:height\" content=\"618\" \/>\n\t<meta property=\"og:image:type\" content=\"image\/jpeg\" \/>\n<meta name=\"twitter:card\" content=\"summary_large_image\" \/>\n<meta name=\"twitter:label1\" content=\"Availability\" \/>\n\t<meta name=\"twitter:data1\" content=\"In stock\" \/>\n<script type=\"application\/ld+json\" class=\"yoast-schema-graph\">{\"@context\":\"https:\/\/schema.org\",\"@graph\":[{\"@type\":[\"WebPage\",\"ItemPage\"],\"@id\":\"https:\/\/staging.avessoknitlab.com\/product\/puff-noto\/\",\"url\":\"https:\/\/staging.avessoknitlab.com\/product\/puff-noto\/\",\"name\":\"Puff Noto - avesso knitlab\",\"isPartOf\":{\"@id\":\"https:\/\/staging.avessoknitlab.com\/#website\"},\"primaryImageOfPage\":{\"@id\":\"https:\/\/staging.avessoknitlab.com\/product\/puff-noto\/#primaryimage\"},\"image\":{\"@id\":\"https:\/\/staging.avessoknitlab.com\/product\/puff-noto\/#primaryimage\"},\"thumbnailUrl\":\"https:\/\/staging.avessoknitlab.com\/wp-content\/uploads\/2023\/11\/PuffNoto3.jpg\",\"datePublished\":\"2023-11-21T13:29:12+00:00\",\"dateModified\":\"2024-02-14T15:27:27+00:00\",\"breadcrumb\":{\"@id\":\"https:\/\/staging.avessoknitlab.com\/product\/puff-noto\/#breadcrumb\"},\"inLanguage\":\"en-GB\",\"potentialAction\":[{\"@type\":\"ReadAction\",\"target\":[\"https:\/\/staging.avessoknitlab.com\/product\/puff-noto\/\"]}]},{\"@type\":\"ImageObject\",\"inLanguage\":\"en-GB\",\"@id\":\"https:\/\/staging.avessoknitlab.com\/product\/puff-noto\/#primaryimage\",\"url\":\"https:\/\/staging.avessoknitlab.com\/wp-content\/uploads\/2023\/11\/PuffNoto3.jpg\",\"contentUrl\":\"https:\/\/staging.avessoknitlab.com\/wp-content\/uploads\/2023\/11\/PuffNoto3.jpg\",\"width\":1110,\"height\":618},{\"@type\":\"BreadcrumbList\",\"@id\":\"https:\/\/staging.avessoknitlab.com\/product\/puff-noto\/#breadcrumb\",\"itemListElement\":[{\"@type\":\"ListItem\",\"position\":1,\"name\":\"Home\",\"item\":\"https:\/\/staging.avessoknitlab.com\/\"},{\"@type\":\"ListItem\",\"position\":2,\"name\":\"Produtos\",\"item\":\"https:\/\/staging.avessoknitlab.com\/produtos\/\"},{\"@type\":\"ListItem\",\"position\":3,\"name\":\"Sentar\",\"item\":\"https:\/\/staging.avessoknitlab.com\/product-category\/sentar\/\"},{\"@type\":\"ListItem\",\"position\":4,\"name\":\"Puff Noto\"}]},{\"@type\":\"WebSite\",\"@id\":\"https:\/\/staging.avessoknitlab.com\/#website\",\"url\":\"https:\/\/staging.avessoknitlab.com\/\",\"name\":\"avesso knitlab\",\"description\":\"Exploring knit boundaries\",\"publisher\":{\"@id\":\"https:\/\/staging.avessoknitlab.com\/#organization\"},\"potentialAction\":[{\"@type\":\"SearchAction\",\"target\":{\"@type\":\"EntryPoint\",\"urlTemplate\":\"https:\/\/staging.avessoknitlab.com\/?s={search_term_string}\"},\"query-input\":\"required name=search_term_string\"}],\"inLanguage\":\"en-GB\"},{\"@type\":\"Organization\",\"@id\":\"https:\/\/staging.avessoknitlab.com\/#organization\",\"name\":\"avesso knitlab\",\"url\":\"https:\/\/staging.avessoknitlab.com\/\",\"logo\":{\"@type\":\"ImageObject\",\"inLanguage\":\"en-GB\",\"@id\":\"https:\/\/staging.avessoknitlab.com\/#\/schema\/logo\/image\/\",\"url\":\"https:\/\/staging.avessoknitlab.com\/wp-content\/uploads\/2023\/06\/avesso-Logo-White.svg\",\"contentUrl\":\"https:\/\/staging.avessoknitlab.com\/wp-content\/uploads\/2023\/06\/avesso-Logo-White.svg\",\"caption\":\"avesso knitlab\"},\"image\":{\"@id\":\"https:\/\/staging.avessoknitlab.com\/#\/schema\/logo\/image\/\"}}]}<\/script>\n<meta property=\"og:availability\" content=\"instock\" \/>\n<meta property=\"product:availability\" content=\"instock\" \/>\n<meta property=\"product:condition\" content=\"new\" \/>\n<!-- \/ Yoast SEO Premium plugin. -->","yoast_head_json":{"title":"Puff Noto - avesso knitlab","robots":{"index":"noindex","follow":"follow","max-snippet":"max-snippet:-1","max-image-preview":"max-image-preview:large","max-video-preview":"max-video-preview:-1"},"og_locale":"en_GB","og_type":"article","og_title":"Puff Noto","og_description":"Noto \u00e9 inspirado num berloque de corda, proveniente do background mar\u00edtimo. Da camada externa ao enchimento com aproveitamento de mat\u00e9ria prima, tudo \u00e9 ou j\u00e1 foi malha costurada, onde todo o material usado \u00e9 recicl\u00e1vel, 100% algod\u00e3o. Este objeto oferece propriedades de posicionamento facilitado, que contrariamente a muitos puffs, pesados e dif\u00edceis de arrastar para [&hellip;]","og_url":"https:\/\/staging.avessoknitlab.com\/en\/product\/puff-noto\/","og_site_name":"avesso knitlab","article_modified_time":"2024-02-14T15:27:27+00:00","og_image":[{"width":1110,"height":618,"url":"https:\/\/staging.avessoknitlab.com\/wp-content\/uploads\/2023\/11\/PuffNoto3.jpg","type":"image\/jpeg"}],"twitter_card":"summary_large_image","twitter_misc":{"Availability":"In stock"},"schema":{"@context":"https:\/\/schema.org","@graph":[{"@type":["WebPage","ItemPage"],"@id":"https:\/\/staging.avessoknitlab.com\/product\/puff-noto\/","url":"https:\/\/staging.avessoknitlab.com\/product\/puff-noto\/","name":"Puff Noto - avesso knitlab","isPartOf":{"@id":"https:\/\/staging.avessoknitlab.com\/#website"},"primaryImageOfPage":{"@id":"https:\/\/staging.avessoknitlab.com\/product\/puff-noto\/#primaryimage"},"image":{"@id":"https:\/\/staging.avessoknitlab.com\/product\/puff-noto\/#primaryimage"},"thumbnailUrl":"https:\/\/staging.avessoknitlab.com\/wp-content\/uploads\/2023\/11\/PuffNoto3.jpg","datePublished":"2023-11-21T13:29:12+00:00","dateModified":"2024-02-14T15:27:27+00:00","breadcrumb":{"@id":"https:\/\/staging.avessoknitlab.com\/product\/puff-noto\/#breadcrumb"},"inLanguage":"en-GB","potentialAction":[{"@type":"ReadAction","target":["https:\/\/staging.avessoknitlab.com\/product\/puff-noto\/"]}]},{"@type":"ImageObject","inLanguage":"en-GB","@id":"https:\/\/staging.avessoknitlab.com\/product\/puff-noto\/#primaryimage","url":"https:\/\/staging.avessoknitlab.com\/wp-content\/uploads\/2023\/11\/PuffNoto3.jpg","contentUrl":"https:\/\/staging.avessoknitlab.com\/wp-content\/uploads\/2023\/11\/PuffNoto3.jpg","width":1110,"height":618},{"@type":"BreadcrumbList","@id":"https:\/\/staging.avessoknitlab.com\/product\/puff-noto\/#breadcrumb","itemListElement":[{"@type":"ListItem","position":1,"name":"Home","item":"https:\/\/staging.avessoknitlab.com\/"},{"@type":"ListItem","position":2,"name":"Produtos","item":"https:\/\/staging.avessoknitlab.com\/produtos\/"},{"@type":"ListItem","position":3,"name":"Sentar","item":"https:\/\/staging.avessoknitlab.com\/product-category\/sentar\/"},{"@type":"ListItem","position":4,"name":"Puff Noto"}]},{"@type":"WebSite","@id":"https:\/\/staging.avessoknitlab.com\/#website","url":"https:\/\/staging.avessoknitlab.com\/","name":"avesso knitlab","description":"Exploring knit boundaries","publisher":{"@id":"https:\/\/staging.avessoknitlab.com\/#organization"},"potentialAction":[{"@type":"SearchAction","target":{"@type":"EntryPoint","urlTemplate":"https:\/\/staging.avessoknitlab.com\/?s={search_term_string}"},"query-input":"required name=search_term_string"}],"inLanguage":"en-GB"},{"@type":"Organization","@id":"https:\/\/staging.avessoknitlab.com\/#organization","name":"avesso knitlab","url":"https:\/\/staging.avessoknitlab.com\/","logo":{"@type":"ImageObject","inLanguage":"en-GB","@id":"https:\/\/staging.avessoknitlab.com\/#\/schema\/logo\/image\/","url":"https:\/\/staging.avessoknitlab.com\/wp-content\/uploads\/2023\/06\/avesso-Logo-White.svg","contentUrl":"https:\/\/staging.avessoknitlab.com\/wp-content\/uploads\/2023\/06\/avesso-Logo-White.svg","caption":"avesso knitlab"},"image":{"@id":"https:\/\/staging.avessoknitlab.com\/#\/schema\/logo\/image\/"}}]},"og_availability":"instock","product_availability":"instock","product_condition":"new"},"_links":{"self":[{"href":"https:\/\/staging.avessoknitlab.com\/en\/wp-json\/wp\/v2\/product\/4540"}],"collection":[{"href":"https:\/\/staging.avessoknitlab.com\/en\/wp-json\/wp\/v2\/product"}],"about":[{"href":"https:\/\/staging.avessoknitlab.com\/en\/wp-json\/wp\/v2\/types\/product"}],"wp:featuredmedia":[{"embeddable":true,"href":"https:\/\/staging.avessoknitlab.com\/en\/wp-json\/wp\/v2\/media\/5032"}],"wp:attachment":[{"href":"https:\/\/staging.avessoknitlab.com\/en\/wp-json\/wp\/v2\/media?parent=4540"}],"wp:term":[{"taxonomy":"product_cat","embeddable":true,"href":"https:\/\/staging.avessoknitlab.com\/en\/wp-json\/wp\/v2\/product_cat?post=4540"},{"taxonomy":"product_tag","embeddable":true,"href":"https:\/\/staging.avessoknitlab.com\/en\/wp-json\/wp\/v2\/product_tag?post=4540"}],"curies":[{"name":"wp","href":"https:\/\/api.w.org\/{rel}","templated":true}]}}