{"id":3922,"date":"2023-11-08T15:58:24","date_gmt":"2023-11-08T15:58:24","guid":{"rendered":"https:\/\/staging.avessoknitlab.com\/?post_type=product&#038;p=3922"},"modified":"2024-07-23T15:23:13","modified_gmt":"2024-07-23T15:23:13","slug":"biombo","status":"publish","type":"product","link":"https:\/\/staging.avessoknitlab.com\/en\/product\/biombo\/","title":{"rendered":"Dunno Screen"},"content":{"rendered":"<p>Dunno is a folding screen ideal for any for acoustic challenges, that's also hand-finished in its details and customisable on both sides.<br \/>\nIt's definitely one of the pieces that best expresses abundance in decorative charm, outlining the exquisite touch made in Avesso.<br \/>\nWith it, you can split a room or allow for more privacy, while keeping an ambience that can be discrete and elegant, or fun and vibrant, with improved acoustics.<br \/>\nTo customise this screen's panels, you can not only select among patterns and color panels in our collection, but also personalise it completely on demand with messages and drawings.<\/p>","protected":false},"excerpt":{"rendered":"<p>Dunno \u00e9 um biombo com funcionalidades de painel protetor ac\u00fastico, com ambas as faces personaliz\u00e1veis e detalhes acabados \u00e0 m\u00e3o. Identifica-se como uma das pe\u00e7as que melhor exprime a abund\u00e2ncia de charme decorativo, demarcando o toque \u00fanico produzido na Avesso. Permite dividir um espa\u00e7o ou criar mais privacidade, mantendo um aspeto discreto e elegante, ou [&hellip;]<\/p>","protected":false},"featured_media":4533,"template":"","meta":{"_acf_changed":false},"product_cat":[73],"product_tag":[33,35,45],"class_list":{"0":"post-3922","1":"product","2":"type-product","3":"status-publish","4":"has-post-thumbnail","6":"product_cat-decorar","7":"product_tag-candeeiro","8":"product_tag-iluminacao","9":"product_tag-torcido","11":"first","12":"instock","13":"taxable","14":"shipping-taxable","15":"purchasable","16":"product-type-variable"},"acf":[],"yoast_head":"<!-- This site is optimized with the Yoast SEO Premium plugin v23.0 (Yoast SEO v23.0) - https:\/\/yoast.com\/wordpress\/plugins\/seo\/ -->\n<title>Biombo Dunno - avesso knitlab<\/title>\n<meta name=\"robots\" content=\"noindex, follow, max-snippet:-1, max-image-preview:large, max-video-preview:-1\" \/>\n<meta property=\"og:locale\" content=\"en_GB\" \/>\n<meta property=\"og:type\" content=\"article\" \/>\n<meta property=\"og:title\" content=\"Biombo Dunno\" \/>\n<meta property=\"og:description\" content=\"Dunno \u00e9 um biombo com funcionalidades de painel protetor ac\u00fastico, com ambas as faces personaliz\u00e1veis e detalhes acabados \u00e0 m\u00e3o. Identifica-se como uma das pe\u00e7as que melhor exprime a abund\u00e2ncia de charme decorativo, demarcando o toque \u00fanico produzido na Avesso. Permite dividir um espa\u00e7o ou criar mais privacidade, mantendo um aspeto discreto e elegante, ou [&hellip;]\" \/>\n<meta property=\"og:url\" content=\"https:\/\/staging.avessoknitlab.com\/en\/product\/biombo\/\" \/>\n<meta property=\"og:site_name\" content=\"avesso knitlab\" \/>\n<meta property=\"article:modified_time\" content=\"2024-07-23T15:23:13+00:00\" \/>\n<meta property=\"og:image\" content=\"https:\/\/staging.avessoknitlab.com\/wp-content\/uploads\/2023\/11\/Biombo-1.jpg\" \/>\n\t<meta property=\"og:image:width\" content=\"1110\" \/>\n\t<meta property=\"og:image:height\" content=\"618\" \/>\n\t<meta property=\"og:image:type\" content=\"image\/jpeg\" \/>\n<meta name=\"twitter:card\" content=\"summary_large_image\" \/>\n<meta name=\"twitter:label1\" content=\"Availability\" \/>\n\t<meta name=\"twitter:data1\" content=\"In stock\" \/>\n<script type=\"application\/ld+json\" class=\"yoast-schema-graph\">{\"@context\":\"https:\/\/schema.org\",\"@graph\":[{\"@type\":[\"WebPage\",\"ItemPage\"],\"@id\":\"https:\/\/staging.avessoknitlab.com\/product\/biombo\/\",\"url\":\"https:\/\/staging.avessoknitlab.com\/product\/biombo\/\",\"name\":\"Biombo Dunno - avesso knitlab\",\"isPartOf\":{\"@id\":\"https:\/\/staging.avessoknitlab.com\/#website\"},\"primaryImageOfPage\":{\"@id\":\"https:\/\/staging.avessoknitlab.com\/product\/biombo\/#primaryimage\"},\"image\":{\"@id\":\"https:\/\/staging.avessoknitlab.com\/product\/biombo\/#primaryimage\"},\"thumbnailUrl\":\"https:\/\/staging.avessoknitlab.com\/wp-content\/uploads\/2023\/11\/Biombo-1.jpg\",\"datePublished\":\"2023-11-08T15:58:24+00:00\",\"dateModified\":\"2024-07-23T15:23:13+00:00\",\"breadcrumb\":{\"@id\":\"https:\/\/staging.avessoknitlab.com\/product\/biombo\/#breadcrumb\"},\"inLanguage\":\"en-GB\",\"potentialAction\":[{\"@type\":\"ReadAction\",\"target\":[\"https:\/\/staging.avessoknitlab.com\/product\/biombo\/\"]}]},{\"@type\":\"ImageObject\",\"inLanguage\":\"en-GB\",\"@id\":\"https:\/\/staging.avessoknitlab.com\/product\/biombo\/#primaryimage\",\"url\":\"https:\/\/staging.avessoknitlab.com\/wp-content\/uploads\/2023\/11\/Biombo-1.jpg\",\"contentUrl\":\"https:\/\/staging.avessoknitlab.com\/wp-content\/uploads\/2023\/11\/Biombo-1.jpg\",\"width\":1110,\"height\":618},{\"@type\":\"BreadcrumbList\",\"@id\":\"https:\/\/staging.avessoknitlab.com\/product\/biombo\/#breadcrumb\",\"itemListElement\":[{\"@type\":\"ListItem\",\"position\":1,\"name\":\"Home\",\"item\":\"https:\/\/staging.avessoknitlab.com\/\"},{\"@type\":\"ListItem\",\"position\":2,\"name\":\"Produtos\",\"item\":\"https:\/\/staging.avessoknitlab.com\/produtos\/\"},{\"@type\":\"ListItem\",\"position\":3,\"name\":\"Decorar\",\"item\":\"https:\/\/staging.avessoknitlab.com\/product-category\/decorar\/\"},{\"@type\":\"ListItem\",\"position\":4,\"name\":\"Biombo Dunno\"}]},{\"@type\":\"WebSite\",\"@id\":\"https:\/\/staging.avessoknitlab.com\/#website\",\"url\":\"https:\/\/staging.avessoknitlab.com\/\",\"name\":\"avesso knitlab\",\"description\":\"Exploring knit boundaries\",\"publisher\":{\"@id\":\"https:\/\/staging.avessoknitlab.com\/#organization\"},\"potentialAction\":[{\"@type\":\"SearchAction\",\"target\":{\"@type\":\"EntryPoint\",\"urlTemplate\":\"https:\/\/staging.avessoknitlab.com\/?s={search_term_string}\"},\"query-input\":\"required name=search_term_string\"}],\"inLanguage\":\"en-GB\"},{\"@type\":\"Organization\",\"@id\":\"https:\/\/staging.avessoknitlab.com\/#organization\",\"name\":\"avesso knitlab\",\"url\":\"https:\/\/staging.avessoknitlab.com\/\",\"logo\":{\"@type\":\"ImageObject\",\"inLanguage\":\"en-GB\",\"@id\":\"https:\/\/staging.avessoknitlab.com\/#\/schema\/logo\/image\/\",\"url\":\"https:\/\/staging.avessoknitlab.com\/wp-content\/uploads\/2023\/06\/avesso-Logo-White.svg\",\"contentUrl\":\"https:\/\/staging.avessoknitlab.com\/wp-content\/uploads\/2023\/06\/avesso-Logo-White.svg\",\"caption\":\"avesso knitlab\"},\"image\":{\"@id\":\"https:\/\/staging.avessoknitlab.com\/#\/schema\/logo\/image\/\"}}]}<\/script>\n<meta property=\"og:availability\" content=\"instock\" \/>\n<meta property=\"product:availability\" content=\"instock\" \/>\n<meta property=\"product:condition\" content=\"new\" \/>\n<!-- \/ Yoast SEO Premium plugin. -->","yoast_head_json":{"title":"Biombo Dunno - avesso knitlab","robots":{"index":"noindex","follow":"follow","max-snippet":"max-snippet:-1","max-image-preview":"max-image-preview:large","max-video-preview":"max-video-preview:-1"},"og_locale":"en_GB","og_type":"article","og_title":"Biombo Dunno","og_description":"Dunno \u00e9 um biombo com funcionalidades de painel protetor ac\u00fastico, com ambas as faces personaliz\u00e1veis e detalhes acabados \u00e0 m\u00e3o. Identifica-se como uma das pe\u00e7as que melhor exprime a abund\u00e2ncia de charme decorativo, demarcando o toque \u00fanico produzido na Avesso. Permite dividir um espa\u00e7o ou criar mais privacidade, mantendo um aspeto discreto e elegante, ou [&hellip;]","og_url":"https:\/\/staging.avessoknitlab.com\/en\/product\/biombo\/","og_site_name":"avesso knitlab","article_modified_time":"2024-07-23T15:23:13+00:00","og_image":[{"width":1110,"height":618,"url":"https:\/\/staging.avessoknitlab.com\/wp-content\/uploads\/2023\/11\/Biombo-1.jpg","type":"image\/jpeg"}],"twitter_card":"summary_large_image","twitter_misc":{"Availability":"In stock"},"schema":{"@context":"https:\/\/schema.org","@graph":[{"@type":["WebPage","ItemPage"],"@id":"https:\/\/staging.avessoknitlab.com\/product\/biombo\/","url":"https:\/\/staging.avessoknitlab.com\/product\/biombo\/","name":"Biombo Dunno - avesso knitlab","isPartOf":{"@id":"https:\/\/staging.avessoknitlab.com\/#website"},"primaryImageOfPage":{"@id":"https:\/\/staging.avessoknitlab.com\/product\/biombo\/#primaryimage"},"image":{"@id":"https:\/\/staging.avessoknitlab.com\/product\/biombo\/#primaryimage"},"thumbnailUrl":"https:\/\/staging.avessoknitlab.com\/wp-content\/uploads\/2023\/11\/Biombo-1.jpg","datePublished":"2023-11-08T15:58:24+00:00","dateModified":"2024-07-23T15:23:13+00:00","breadcrumb":{"@id":"https:\/\/staging.avessoknitlab.com\/product\/biombo\/#breadcrumb"},"inLanguage":"en-GB","potentialAction":[{"@type":"ReadAction","target":["https:\/\/staging.avessoknitlab.com\/product\/biombo\/"]}]},{"@type":"ImageObject","inLanguage":"en-GB","@id":"https:\/\/staging.avessoknitlab.com\/product\/biombo\/#primaryimage","url":"https:\/\/staging.avessoknitlab.com\/wp-content\/uploads\/2023\/11\/Biombo-1.jpg","contentUrl":"https:\/\/staging.avessoknitlab.com\/wp-content\/uploads\/2023\/11\/Biombo-1.jpg","width":1110,"height":618},{"@type":"BreadcrumbList","@id":"https:\/\/staging.avessoknitlab.com\/product\/biombo\/#breadcrumb","itemListElement":[{"@type":"ListItem","position":1,"name":"Home","item":"https:\/\/staging.avessoknitlab.com\/"},{"@type":"ListItem","position":2,"name":"Produtos","item":"https:\/\/staging.avessoknitlab.com\/produtos\/"},{"@type":"ListItem","position":3,"name":"Decorar","item":"https:\/\/staging.avessoknitlab.com\/product-category\/decorar\/"},{"@type":"ListItem","position":4,"name":"Biombo Dunno"}]},{"@type":"WebSite","@id":"https:\/\/staging.avessoknitlab.com\/#website","url":"https:\/\/staging.avessoknitlab.com\/","name":"avesso knitlab","description":"Exploring knit boundaries","publisher":{"@id":"https:\/\/staging.avessoknitlab.com\/#organization"},"potentialAction":[{"@type":"SearchAction","target":{"@type":"EntryPoint","urlTemplate":"https:\/\/staging.avessoknitlab.com\/?s={search_term_string}"},"query-input":"required name=search_term_string"}],"inLanguage":"en-GB"},{"@type":"Organization","@id":"https:\/\/staging.avessoknitlab.com\/#organization","name":"avesso knitlab","url":"https:\/\/staging.avessoknitlab.com\/","logo":{"@type":"ImageObject","inLanguage":"en-GB","@id":"https:\/\/staging.avessoknitlab.com\/#\/schema\/logo\/image\/","url":"https:\/\/staging.avessoknitlab.com\/wp-content\/uploads\/2023\/06\/avesso-Logo-White.svg","contentUrl":"https:\/\/staging.avessoknitlab.com\/wp-content\/uploads\/2023\/06\/avesso-Logo-White.svg","caption":"avesso knitlab"},"image":{"@id":"https:\/\/staging.avessoknitlab.com\/#\/schema\/logo\/image\/"}}]},"og_availability":"instock","product_availability":"instock","product_condition":"new"},"_links":{"self":[{"href":"https:\/\/staging.avessoknitlab.com\/en\/wp-json\/wp\/v2\/product\/3922"}],"collection":[{"href":"https:\/\/staging.avessoknitlab.com\/en\/wp-json\/wp\/v2\/product"}],"about":[{"href":"https:\/\/staging.avessoknitlab.com\/en\/wp-json\/wp\/v2\/types\/product"}],"wp:featuredmedia":[{"embeddable":true,"href":"https:\/\/staging.avessoknitlab.com\/en\/wp-json\/wp\/v2\/media\/4533"}],"wp:attachment":[{"href":"https:\/\/staging.avessoknitlab.com\/en\/wp-json\/wp\/v2\/media?parent=3922"}],"wp:term":[{"taxonomy":"product_cat","embeddable":true,"href":"https:\/\/staging.avessoknitlab.com\/en\/wp-json\/wp\/v2\/product_cat?post=3922"},{"taxonomy":"product_tag","embeddable":true,"href":"https:\/\/staging.avessoknitlab.com\/en\/wp-json\/wp\/v2\/product_tag?post=3922"}],"curies":[{"name":"wp","href":"https:\/\/api.w.org\/{rel}","templated":true}]}}