{"id":3221,"date":"2023-09-18T01:41:14","date_gmt":"2023-09-18T01:41:14","guid":{"rendered":"https:\/\/staging.avessoknitlab.com\/?post_type=product&#038;p=3221"},"modified":"2024-01-30T16:58:23","modified_gmt":"2024-01-30T16:58:23","slug":"candeeiro-dima","status":"publish","type":"product","link":"https:\/\/staging.avessoknitlab.com\/en\/product\/candeeiro-dima\/","title":{"rendered":"Dima Lamp"},"content":{"rendered":"<p>It's like an interactive piece of illumination, where by twisting its rings, you can control both the luminosity and the tension in its knitting.<br \/>\nIt is composed of two hand finished parts, and drawn to satisfy those who are the most curious and dynamic, who enjoy the flexibility of objects who adapt to any situation.<br \/>\nThis piece is available in 150cm and 100cm. You can customise its tissue by color and knitting density.<\/p>","protected":false},"excerpt":{"rendered":"<p>Atua como uma pe\u00e7a de ilumina\u00e7\u00e3o interativa, onde a tor\u00e7\u00e3o dos an\u00e9is tensiona a malha, e simultaneamente controla a sua luminosidade. Composta por duas partes acabadas \u00e0 m\u00e3o, est\u00e1 desenhada a pensar nos mais curiosos e din\u00e2micos, que disfrutam da flexibilidade de adapta\u00e7\u00e3o dos objetos a cada situa\u00e7\u00e3o. Pe\u00e7a dispon\u00edvel em 150cm e 100cm Tecido [&hellip;]<\/p>","protected":false},"featured_media":3404,"template":"","meta":{"_acf_changed":false},"product_cat":[32],"product_tag":[33,35,45],"class_list":{"0":"post-3221","1":"product","2":"type-product","3":"status-publish","4":"has-post-thumbnail","6":"product_cat-iluminar","7":"product_tag-candeeiro","8":"product_tag-iluminacao","9":"product_tag-torcido","11":"first","12":"instock","13":"taxable","14":"shipping-taxable","15":"purchasable","16":"product-type-variable"},"acf":[],"yoast_head":"<!-- This site is optimized with the Yoast SEO Premium plugin v23.0 (Yoast SEO v23.0) - https:\/\/yoast.com\/wordpress\/plugins\/seo\/ -->\n<title>Candeeiro Dima - avesso knitlab<\/title>\n<meta name=\"robots\" content=\"noindex, follow, max-snippet:-1, max-image-preview:large, max-video-preview:-1\" \/>\n<meta property=\"og:locale\" content=\"en_GB\" \/>\n<meta property=\"og:type\" content=\"article\" \/>\n<meta property=\"og:title\" content=\"Candeeiro Dima\" \/>\n<meta property=\"og:description\" content=\"Atua como uma pe\u00e7a de ilumina\u00e7\u00e3o interativa, onde a tor\u00e7\u00e3o dos an\u00e9is tensiona a malha, e simultaneamente controla a sua luminosidade. Composta por duas partes acabadas \u00e0 m\u00e3o, est\u00e1 desenhada a pensar nos mais curiosos e din\u00e2micos, que disfrutam da flexibilidade de adapta\u00e7\u00e3o dos objetos a cada situa\u00e7\u00e3o. Pe\u00e7a dispon\u00edvel em 150cm e 100cm Tecido [&hellip;]\" \/>\n<meta property=\"og:url\" content=\"https:\/\/staging.avessoknitlab.com\/en\/product\/candeeiro-dima\/\" \/>\n<meta property=\"og:site_name\" content=\"avesso knitlab\" \/>\n<meta property=\"article:modified_time\" content=\"2024-01-30T16:58:23+00:00\" \/>\n<meta property=\"og:image\" content=\"https:\/\/staging.avessoknitlab.com\/wp-content\/uploads\/2023\/09\/Dima4.jpg\" \/>\n\t<meta property=\"og:image:width\" content=\"1110\" \/>\n\t<meta property=\"og:image:height\" content=\"618\" \/>\n\t<meta property=\"og:image:type\" content=\"image\/jpeg\" \/>\n<meta name=\"twitter:card\" content=\"summary_large_image\" \/>\n<meta name=\"twitter:label1\" content=\"Availability\" \/>\n\t<meta name=\"twitter:data1\" content=\"In stock\" \/>\n<script type=\"application\/ld+json\" class=\"yoast-schema-graph\">{\"@context\":\"https:\/\/schema.org\",\"@graph\":[{\"@type\":[\"WebPage\",\"ItemPage\"],\"@id\":\"https:\/\/staging.avessoknitlab.com\/product\/candeeiro-dima\/\",\"url\":\"https:\/\/staging.avessoknitlab.com\/product\/candeeiro-dima\/\",\"name\":\"Candeeiro Dima - avesso knitlab\",\"isPartOf\":{\"@id\":\"https:\/\/staging.avessoknitlab.com\/#website\"},\"primaryImageOfPage\":{\"@id\":\"https:\/\/staging.avessoknitlab.com\/product\/candeeiro-dima\/#primaryimage\"},\"image\":{\"@id\":\"https:\/\/staging.avessoknitlab.com\/product\/candeeiro-dima\/#primaryimage\"},\"thumbnailUrl\":\"https:\/\/staging.avessoknitlab.com\/wp-content\/uploads\/2023\/09\/Dima4.jpg\",\"datePublished\":\"2023-09-18T01:41:14+00:00\",\"dateModified\":\"2024-01-30T16:58:23+00:00\",\"breadcrumb\":{\"@id\":\"https:\/\/staging.avessoknitlab.com\/product\/candeeiro-dima\/#breadcrumb\"},\"inLanguage\":\"en-GB\",\"potentialAction\":[{\"@type\":\"ReadAction\",\"target\":[\"https:\/\/staging.avessoknitlab.com\/product\/candeeiro-dima\/\"]}]},{\"@type\":\"ImageObject\",\"inLanguage\":\"en-GB\",\"@id\":\"https:\/\/staging.avessoknitlab.com\/product\/candeeiro-dima\/#primaryimage\",\"url\":\"https:\/\/staging.avessoknitlab.com\/wp-content\/uploads\/2023\/09\/Dima4.jpg\",\"contentUrl\":\"https:\/\/staging.avessoknitlab.com\/wp-content\/uploads\/2023\/09\/Dima4.jpg\",\"width\":1110,\"height\":618},{\"@type\":\"BreadcrumbList\",\"@id\":\"https:\/\/staging.avessoknitlab.com\/product\/candeeiro-dima\/#breadcrumb\",\"itemListElement\":[{\"@type\":\"ListItem\",\"position\":1,\"name\":\"Home\",\"item\":\"https:\/\/staging.avessoknitlab.com\/\"},{\"@type\":\"ListItem\",\"position\":2,\"name\":\"Produtos\",\"item\":\"https:\/\/staging.avessoknitlab.com\/produtos\/\"},{\"@type\":\"ListItem\",\"position\":3,\"name\":\"Iluminar\",\"item\":\"https:\/\/staging.avessoknitlab.com\/product-category\/iluminar\/\"},{\"@type\":\"ListItem\",\"position\":4,\"name\":\"Candeeiro Dima\"}]},{\"@type\":\"WebSite\",\"@id\":\"https:\/\/staging.avessoknitlab.com\/#website\",\"url\":\"https:\/\/staging.avessoknitlab.com\/\",\"name\":\"avesso knitlab\",\"description\":\"Exploring knit boundaries\",\"publisher\":{\"@id\":\"https:\/\/staging.avessoknitlab.com\/#organization\"},\"potentialAction\":[{\"@type\":\"SearchAction\",\"target\":{\"@type\":\"EntryPoint\",\"urlTemplate\":\"https:\/\/staging.avessoknitlab.com\/?s={search_term_string}\"},\"query-input\":\"required name=search_term_string\"}],\"inLanguage\":\"en-GB\"},{\"@type\":\"Organization\",\"@id\":\"https:\/\/staging.avessoknitlab.com\/#organization\",\"name\":\"avesso knitlab\",\"url\":\"https:\/\/staging.avessoknitlab.com\/\",\"logo\":{\"@type\":\"ImageObject\",\"inLanguage\":\"en-GB\",\"@id\":\"https:\/\/staging.avessoknitlab.com\/#\/schema\/logo\/image\/\",\"url\":\"https:\/\/staging.avessoknitlab.com\/wp-content\/uploads\/2023\/06\/avesso-Logo-White.svg\",\"contentUrl\":\"https:\/\/staging.avessoknitlab.com\/wp-content\/uploads\/2023\/06\/avesso-Logo-White.svg\",\"caption\":\"avesso knitlab\"},\"image\":{\"@id\":\"https:\/\/staging.avessoknitlab.com\/#\/schema\/logo\/image\/\"}}]}<\/script>\n<meta property=\"og:availability\" content=\"instock\" \/>\n<meta property=\"product:availability\" content=\"instock\" \/>\n<meta property=\"product:condition\" content=\"new\" \/>\n<!-- \/ Yoast SEO Premium plugin. -->","yoast_head_json":{"title":"Candeeiro Dima - avesso knitlab","robots":{"index":"noindex","follow":"follow","max-snippet":"max-snippet:-1","max-image-preview":"max-image-preview:large","max-video-preview":"max-video-preview:-1"},"og_locale":"en_GB","og_type":"article","og_title":"Candeeiro Dima","og_description":"Atua como uma pe\u00e7a de ilumina\u00e7\u00e3o interativa, onde a tor\u00e7\u00e3o dos an\u00e9is tensiona a malha, e simultaneamente controla a sua luminosidade. Composta por duas partes acabadas \u00e0 m\u00e3o, est\u00e1 desenhada a pensar nos mais curiosos e din\u00e2micos, que disfrutam da flexibilidade de adapta\u00e7\u00e3o dos objetos a cada situa\u00e7\u00e3o. Pe\u00e7a dispon\u00edvel em 150cm e 100cm Tecido [&hellip;]","og_url":"https:\/\/staging.avessoknitlab.com\/en\/product\/candeeiro-dima\/","og_site_name":"avesso knitlab","article_modified_time":"2024-01-30T16:58:23+00:00","og_image":[{"width":1110,"height":618,"url":"https:\/\/staging.avessoknitlab.com\/wp-content\/uploads\/2023\/09\/Dima4.jpg","type":"image\/jpeg"}],"twitter_card":"summary_large_image","twitter_misc":{"Availability":"In stock"},"schema":{"@context":"https:\/\/schema.org","@graph":[{"@type":["WebPage","ItemPage"],"@id":"https:\/\/staging.avessoknitlab.com\/product\/candeeiro-dima\/","url":"https:\/\/staging.avessoknitlab.com\/product\/candeeiro-dima\/","name":"Candeeiro Dima - avesso knitlab","isPartOf":{"@id":"https:\/\/staging.avessoknitlab.com\/#website"},"primaryImageOfPage":{"@id":"https:\/\/staging.avessoknitlab.com\/product\/candeeiro-dima\/#primaryimage"},"image":{"@id":"https:\/\/staging.avessoknitlab.com\/product\/candeeiro-dima\/#primaryimage"},"thumbnailUrl":"https:\/\/staging.avessoknitlab.com\/wp-content\/uploads\/2023\/09\/Dima4.jpg","datePublished":"2023-09-18T01:41:14+00:00","dateModified":"2024-01-30T16:58:23+00:00","breadcrumb":{"@id":"https:\/\/staging.avessoknitlab.com\/product\/candeeiro-dima\/#breadcrumb"},"inLanguage":"en-GB","potentialAction":[{"@type":"ReadAction","target":["https:\/\/staging.avessoknitlab.com\/product\/candeeiro-dima\/"]}]},{"@type":"ImageObject","inLanguage":"en-GB","@id":"https:\/\/staging.avessoknitlab.com\/product\/candeeiro-dima\/#primaryimage","url":"https:\/\/staging.avessoknitlab.com\/wp-content\/uploads\/2023\/09\/Dima4.jpg","contentUrl":"https:\/\/staging.avessoknitlab.com\/wp-content\/uploads\/2023\/09\/Dima4.jpg","width":1110,"height":618},{"@type":"BreadcrumbList","@id":"https:\/\/staging.avessoknitlab.com\/product\/candeeiro-dima\/#breadcrumb","itemListElement":[{"@type":"ListItem","position":1,"name":"Home","item":"https:\/\/staging.avessoknitlab.com\/"},{"@type":"ListItem","position":2,"name":"Produtos","item":"https:\/\/staging.avessoknitlab.com\/produtos\/"},{"@type":"ListItem","position":3,"name":"Iluminar","item":"https:\/\/staging.avessoknitlab.com\/product-category\/iluminar\/"},{"@type":"ListItem","position":4,"name":"Candeeiro Dima"}]},{"@type":"WebSite","@id":"https:\/\/staging.avessoknitlab.com\/#website","url":"https:\/\/staging.avessoknitlab.com\/","name":"avesso knitlab","description":"Exploring knit boundaries","publisher":{"@id":"https:\/\/staging.avessoknitlab.com\/#organization"},"potentialAction":[{"@type":"SearchAction","target":{"@type":"EntryPoint","urlTemplate":"https:\/\/staging.avessoknitlab.com\/?s={search_term_string}"},"query-input":"required name=search_term_string"}],"inLanguage":"en-GB"},{"@type":"Organization","@id":"https:\/\/staging.avessoknitlab.com\/#organization","name":"avesso knitlab","url":"https:\/\/staging.avessoknitlab.com\/","logo":{"@type":"ImageObject","inLanguage":"en-GB","@id":"https:\/\/staging.avessoknitlab.com\/#\/schema\/logo\/image\/","url":"https:\/\/staging.avessoknitlab.com\/wp-content\/uploads\/2023\/06\/avesso-Logo-White.svg","contentUrl":"https:\/\/staging.avessoknitlab.com\/wp-content\/uploads\/2023\/06\/avesso-Logo-White.svg","caption":"avesso knitlab"},"image":{"@id":"https:\/\/staging.avessoknitlab.com\/#\/schema\/logo\/image\/"}}]},"og_availability":"instock","product_availability":"instock","product_condition":"new"},"_links":{"self":[{"href":"https:\/\/staging.avessoknitlab.com\/en\/wp-json\/wp\/v2\/product\/3221"}],"collection":[{"href":"https:\/\/staging.avessoknitlab.com\/en\/wp-json\/wp\/v2\/product"}],"about":[{"href":"https:\/\/staging.avessoknitlab.com\/en\/wp-json\/wp\/v2\/types\/product"}],"wp:featuredmedia":[{"embeddable":true,"href":"https:\/\/staging.avessoknitlab.com\/en\/wp-json\/wp\/v2\/media\/3404"}],"wp:attachment":[{"href":"https:\/\/staging.avessoknitlab.com\/en\/wp-json\/wp\/v2\/media?parent=3221"}],"wp:term":[{"taxonomy":"product_cat","embeddable":true,"href":"https:\/\/staging.avessoknitlab.com\/en\/wp-json\/wp\/v2\/product_cat?post=3221"},{"taxonomy":"product_tag","embeddable":true,"href":"https:\/\/staging.avessoknitlab.com\/en\/wp-json\/wp\/v2\/product_tag?post=3221"}],"curies":[{"name":"wp","href":"https:\/\/api.w.org\/{rel}","templated":true}]}}