{"id":1751,"date":"2023-07-04T17:45:41","date_gmt":"2023-07-04T17:45:41","guid":{"rendered":"https:\/\/avessoknitlab.com\/?page_id=1751"},"modified":"2024-03-25T09:32:41","modified_gmt":"2024-03-25T09:32:41","slug":"sobre-nos","status":"publish","type":"page","link":"https:\/\/staging.avessoknitlab.com\/en\/sobre-nos\/","title":{"rendered":"About Us"},"content":{"rendered":"<div data-elementor-type=\"wp-page\" data-elementor-id=\"1751\" class=\"elementor elementor-1751\" data-elementor-post-type=\"page\">\n\t\t\t\t\t\t<section class=\"elementor-section elementor-top-section elementor-element elementor-element-66dabd2a fixed_width_section stacked_img_section elementor-section-boxed elementor-section-height-default elementor-section-height-default\" data-id=\"66dabd2a\" data-element_type=\"section\">\n\t\t\t\t\t\t<div class=\"elementor-container elementor-column-gap-no\">\n\t\t\t\t\t<div class=\"elementor-column elementor-col-50 elementor-top-column elementor-element elementor-element-4026150a stacked_img_text\" data-id=\"4026150a\" data-element_type=\"column\">\n\t\t\t<div class=\"elementor-widget-wrap elementor-element-populated\">\n\t\t\t\t\t\t<div class=\"elementor-element elementor-element-0d046bc elementor-widget__width-initial elementor-widget-tablet__width-initial elementor-widget-mobile__width-initial elementor-widget elementor-widget-heading\" data-id=\"0d046bc\" data-element_type=\"widget\" data-widget_type=\"heading.default\">\n\t\t\t\t<div class=\"elementor-widget-container\">\n\t\t\t<style>\/*! elementor - v3.23.0 - 15-07-2024 *\/\n.elementor-heading-title{padding:0;margin:0;line-height:1}.elementor-widget-heading .elementor-heading-title[class*=elementor-size-]>a{color:inherit;font-size:inherit;line-height:inherit}.elementor-widget-heading .elementor-heading-title.elementor-size-small{font-size:15px}.elementor-widget-heading .elementor-heading-title.elementor-size-medium{font-size:19px}.elementor-widget-heading .elementor-heading-title.elementor-size-large{font-size:29px}.elementor-widget-heading .elementor-heading-title.elementor-size-xl{font-size:39px}.elementor-widget-heading .elementor-heading-title.elementor-size-xxl{font-size:59px}<\/style><h1 class=\"elementor-heading-title elementor-size-default\">Exploring knit boundaries.<\/h1>\t\t<\/div>\n\t\t\t\t<\/div>\n\t\t\t\t<div class=\"elementor-element elementor-element-dc7a7ca elementor-widget__width-initial elementor-widget-tablet__width-initial elementor-widget-mobile__width-initial elementor-widget elementor-widget-heading\" data-id=\"dc7a7ca\" data-element_type=\"widget\" data-widget_type=\"heading.default\">\n\t\t\t\t<div class=\"elementor-widget-container\">\n\t\t\t<h2 class=\"elementor-heading-title elementor-size-default\">We're the first experimental knitting lab in Portugal.<\/h2>\t\t<\/div>\n\t\t\t\t<\/div>\n\t\t\t\t<div class=\"elementor-element elementor-element-4aacee9 elementor-widget__width-inherit elementor-widget-tablet__width-initial elementor-widget-mobile__width-initial elementor-widget elementor-widget-text-editor\" data-id=\"4aacee9\" data-element_type=\"widget\" data-widget_type=\"text-editor.default\">\n\t\t\t\t<div class=\"elementor-widget-container\">\n\t\t\t<style>\/*! elementor - v3.23.0 - 15-07-2024 *\/\n.elementor-widget-text-editor.elementor-drop-cap-view-stacked .elementor-drop-cap{background-color:#69727d;color:#fff}.elementor-widget-text-editor.elementor-drop-cap-view-framed .elementor-drop-cap{color:#69727d;border:3px solid;background-color:transparent}.elementor-widget-text-editor:not(.elementor-drop-cap-view-default) .elementor-drop-cap{margin-top:8px}.elementor-widget-text-editor:not(.elementor-drop-cap-view-default) .elementor-drop-cap-letter{width:1em;height:1em}.elementor-widget-text-editor .elementor-drop-cap{float:left;text-align:center;line-height:1;font-size:50px}.elementor-widget-text-editor .elementor-drop-cap-letter{display:inline-block}<\/style>\t\t\t\t<p>A space dedicated to inspire and redefine the boundaries of knitting, through a practice focused on proactive exploration and creative collaboration.<\/p><p>Avesso represents our will to change the way we look at knitting. It's the knowledge and quality behind the technique, and to see the passion and experience materialised in exquisite and unconventional objects.<\/p><p>With Avesso, we want to turn the knitting world upside-down.<br \/>We thrive to push its limits.<\/p>\t\t\t\t\t\t<\/div>\n\t\t\t\t<\/div>\n\t\t\t\t\t<\/div>\n\t\t<\/div>\n\t\t\t\t<div class=\"elementor-column elementor-col-50 elementor-top-column elementor-element elementor-element-29506e6 stacked_img_col\" data-id=\"29506e6\" data-element_type=\"column\">\n\t\t\t<div class=\"elementor-widget-wrap elementor-element-populated\">\n\t\t\t\t\t\t<div class=\"elementor-element elementor-element-5cf1e2d gallery-spacing-custom stacked_img elementor-widget__width-auto elementor-widget elementor-widget-image-gallery\" data-id=\"5cf1e2d\" data-element_type=\"widget\" data-widget_type=\"image-gallery.default\">\n\t\t\t\t<div class=\"elementor-widget-container\">\n\t\t\t<style>\/*! elementor - v3.23.0 - 15-07-2024 *\/\n.elementor-image-gallery .gallery-item{display:inline-block;text-align:center;vertical-align:top;width:100%;max-width:100%;margin:0 auto}.elementor-image-gallery .gallery-item img{margin:0 auto}.elementor-image-gallery .gallery-item .gallery-caption{margin:0}.elementor-image-gallery figure img{display:block}.elementor-image-gallery figure figcaption{width:100%}.gallery-spacing-custom .elementor-image-gallery .gallery-icon{padding:0}@media (min-width:768px){.elementor-image-gallery .gallery-columns-2 .gallery-item{max-width:50%}.elementor-image-gallery .gallery-columns-3 .gallery-item{max-width:33.33%}.elementor-image-gallery .gallery-columns-4 .gallery-item{max-width:25%}.elementor-image-gallery .gallery-columns-5 .gallery-item{max-width:20%}.elementor-image-gallery .gallery-columns-6 .gallery-item{max-width:16.666%}.elementor-image-gallery .gallery-columns-7 .gallery-item{max-width:14.28%}.elementor-image-gallery .gallery-columns-8 .gallery-item{max-width:12.5%}.elementor-image-gallery .gallery-columns-9 .gallery-item{max-width:11.11%}.elementor-image-gallery .gallery-columns-10 .gallery-item{max-width:10%}}@media (min-width:480px) and (max-width:767px){.elementor-image-gallery .gallery.gallery-columns-2 .gallery-item,.elementor-image-gallery .gallery.gallery-columns-3 .gallery-item,.elementor-image-gallery .gallery.gallery-columns-4 .gallery-item,.elementor-image-gallery .gallery.gallery-columns-5 .gallery-item,.elementor-image-gallery .gallery.gallery-columns-6 .gallery-item,.elementor-image-gallery .gallery.gallery-columns-7 .gallery-item,.elementor-image-gallery .gallery.gallery-columns-8 .gallery-item,.elementor-image-gallery .gallery.gallery-columns-9 .gallery-item,.elementor-image-gallery .gallery.gallery-columns-10 .gallery-item{max-width:50%}}@media (max-width:479px){.elementor-image-gallery .gallery.gallery-columns-2 .gallery-item,.elementor-image-gallery .gallery.gallery-columns-3 .gallery-item,.elementor-image-gallery .gallery.gallery-columns-4 .gallery-item,.elementor-image-gallery .gallery.gallery-columns-5 .gallery-item,.elementor-image-gallery .gallery.gallery-columns-6 .gallery-item,.elementor-image-gallery .gallery.gallery-columns-7 .gallery-item,.elementor-image-gallery .gallery.gallery-columns-8 .gallery-item,.elementor-image-gallery .gallery.gallery-columns-9 .gallery-item,.elementor-image-gallery .gallery.gallery-columns-10 .gallery-item{max-width:100%}}<\/style>\t\t<div class=\"elementor-image-gallery\">\n\t\t\t<div id='gallery-1' class='gallery galleryid-1751 gallery-columns-1 gallery-size-full'><figure class='gallery-item'>\n\t\t\t<div class='gallery-icon portrait'>\n\t\t\t\t<img fetchpriority=\"high\" decoding=\"async\" width=\"609\" height=\"888\" src=\"https:\/\/staging.avessoknitlab.com\/wp-content\/uploads\/2023\/07\/about_intro_new.jpg\" class=\"attachment-full size-full\" alt=\"\" srcset=\"https:\/\/staging.avessoknitlab.com\/wp-content\/uploads\/2023\/07\/about_intro_new.jpg 609w, https:\/\/staging.avessoknitlab.com\/wp-content\/uploads\/2023\/07\/about_intro_new-600x875.jpg 600w, https:\/\/staging.avessoknitlab.com\/wp-content\/uploads\/2023\/07\/about_intro_new-206x300.jpg 206w\" sizes=\"(max-width: 609px) 100vw, 609px\" \/>\n\t\t\t<\/div><\/figure><figure class='gallery-item'>\n\t\t\t<div class='gallery-icon landscape'>\n\t\t\t\t<img decoding=\"async\" width=\"448\" height=\"312\" src=\"https:\/\/staging.avessoknitlab.com\/wp-content\/uploads\/2023\/07\/about_stacked_01.jpg\" class=\"attachment-full size-full\" alt=\"\" srcset=\"https:\/\/staging.avessoknitlab.com\/wp-content\/uploads\/2023\/07\/about_stacked_01.jpg 448w, https:\/\/staging.avessoknitlab.com\/wp-content\/uploads\/2023\/07\/about_stacked_01-300x209.jpg 300w\" sizes=\"(max-width: 448px) 100vw, 448px\" \/>\n\t\t\t<\/div><\/figure>\n\t\t<\/div>\n\t\t<\/div>\n\t\t\t\t<\/div>\n\t\t\t\t<\/div>\n\t\t\t\t\t<\/div>\n\t\t<\/div>\n\t\t\t\t\t<\/div>\n\t\t<\/section>\n\t\t\t\t<section class=\"elementor-section elementor-top-section elementor-element elementor-element-22c48a7 fixed_width_section elementor-section-boxed elementor-section-height-default elementor-section-height-default\" data-id=\"22c48a7\" data-element_type=\"section\" data-settings=\"{&quot;background_background&quot;:&quot;classic&quot;}\">\n\t\t\t\t\t\t<div class=\"elementor-container elementor-column-gap-no\">\n\t\t\t\t\t<div class=\"elementor-column elementor-col-100 elementor-top-column elementor-element elementor-element-8304d65\" data-id=\"8304d65\" data-element_type=\"column\">\n\t\t\t<div class=\"elementor-widget-wrap elementor-element-populated\">\n\t\t\t\t\t\t<section class=\"elementor-section elementor-inner-section elementor-element elementor-element-bea5ead elementor-section-boxed elementor-section-height-default elementor-section-height-default\" data-id=\"bea5ead\" data-element_type=\"section\">\n\t\t\t\t\t\t<div class=\"elementor-container elementor-column-gap-no\">\n\t\t\t\t\t<div class=\"elementor-column elementor-col-100 elementor-inner-column elementor-element elementor-element-1ed121e about_3col_title\" data-id=\"1ed121e\" data-element_type=\"column\">\n\t\t\t<div class=\"elementor-widget-wrap elementor-element-populated\">\n\t\t\t\t\t\t<div class=\"elementor-element elementor-element-c963d1f elementor-widget__width-auto elementor-widget elementor-widget-heading\" data-id=\"c963d1f\" data-element_type=\"widget\" data-widget_type=\"heading.default\">\n\t\t\t\t<div class=\"elementor-widget-container\">\n\t\t\t<h3 class=\"elementor-heading-title elementor-size-default\">Values that guide us<\/h3>\t\t<\/div>\n\t\t\t\t<\/div>\n\t\t\t\t\t<\/div>\n\t\t<\/div>\n\t\t\t\t\t<\/div>\n\t\t<\/section>\n\t\t\t\t<section class=\"elementor-section elementor-inner-section elementor-element elementor-element-198b73f about_3col_section elementor-section-boxed elementor-section-height-default elementor-section-height-default\" data-id=\"198b73f\" data-element_type=\"section\">\n\t\t\t\t\t\t<div class=\"elementor-container elementor-column-gap-no\">\n\t\t\t\t\t<div class=\"elementor-column elementor-col-33 elementor-inner-column elementor-element elementor-element-e3f2d32 about_3col\" data-id=\"e3f2d32\" data-element_type=\"column\">\n\t\t\t<div class=\"elementor-widget-wrap elementor-element-populated\">\n\t\t\t\t\t\t<div class=\"elementor-element elementor-element-c2f0f82 elementor-widget__width-auto about_3col_img elementor-widget elementor-widget-image\" data-id=\"c2f0f82\" data-element_type=\"widget\" data-widget_type=\"image.default\">\n\t\t\t\t<div class=\"elementor-widget-container\">\n\t\t\t<style>\/*! elementor - v3.23.0 - 15-07-2024 *\/\n.elementor-widget-image{text-align:center}.elementor-widget-image a{display:inline-block}.elementor-widget-image a img[src$=\".svg\"]{width:48px}.elementor-widget-image img{vertical-align:middle;display:inline-block}<\/style>\t\t\t\t\t\t\t<figure class=\"wp-caption\">\n\t\t\t\t\t\t\t\t\t\t<img decoding=\"async\" src=\"https:\/\/staging.avessoknitlab.com\/wp-content\/uploads\/2023\/07\/about_asset_01.svg\" class=\"attachment-full size-full wp-image-1902\" alt=\"\" \/>\t\t\t\t\t\t\t\t\t\t\t<figcaption class=\"widget-image-caption wp-caption-text\">Innovation<\/figcaption>\n\t\t\t\t\t\t\t\t\t\t<\/figure>\n\t\t\t\t\t\t\t<\/div>\n\t\t\t\t<\/div>\n\t\t\t\t<div class=\"elementor-element elementor-element-e091afc elementor-widget__width-inherit elementor-widget elementor-widget-text-editor\" data-id=\"e091afc\" data-element_type=\"widget\" data-widget_type=\"text-editor.default\">\n\t\t\t\t<div class=\"elementor-widget-container\">\n\t\t\t\t\t\t\t<p>We drive for unique results, exploring the boundaries of knitting possibilities, and experimenting with the technique as its defining principle.<\/p>\t\t\t\t\t\t<\/div>\n\t\t\t\t<\/div>\n\t\t\t\t\t<\/div>\n\t\t<\/div>\n\t\t\t\t<div class=\"elementor-column elementor-col-33 elementor-inner-column elementor-element elementor-element-a504e18 about_3col\" data-id=\"a504e18\" data-element_type=\"column\">\n\t\t\t<div class=\"elementor-widget-wrap elementor-element-populated\">\n\t\t\t\t\t\t<div class=\"elementor-element elementor-element-611cf41 elementor-widget__width-auto about_3col_img elementor-widget elementor-widget-image\" data-id=\"611cf41\" data-element_type=\"widget\" data-widget_type=\"image.default\">\n\t\t\t\t<div class=\"elementor-widget-container\">\n\t\t\t\t\t\t\t\t\t\t<figure class=\"wp-caption\">\n\t\t\t\t\t\t\t\t\t\t<img decoding=\"async\" src=\"https:\/\/staging.avessoknitlab.com\/wp-content\/uploads\/2023\/07\/about_asset_02.svg\" class=\"attachment-full size-full wp-image-1903\" alt=\"\" \/>\t\t\t\t\t\t\t\t\t\t\t<figcaption class=\"widget-image-caption wp-caption-text\">Collaboration<\/figcaption>\n\t\t\t\t\t\t\t\t\t\t<\/figure>\n\t\t\t\t\t\t\t<\/div>\n\t\t\t\t<\/div>\n\t\t\t\t<div class=\"elementor-element elementor-element-e62fae9 elementor-widget__width-inherit elementor-widget elementor-widget-text-editor\" data-id=\"e62fae9\" data-element_type=\"widget\" data-widget_type=\"text-editor.default\">\n\t\t\t\t<div class=\"elementor-widget-container\">\n\t\t\t\t\t\t\t<p>We connect our technical expertise with creativity, to highlight and inspire the imagination through our knitting.<\/p>\t\t\t\t\t\t<\/div>\n\t\t\t\t<\/div>\n\t\t\t\t\t<\/div>\n\t\t<\/div>\n\t\t\t\t<div class=\"elementor-column elementor-col-33 elementor-inner-column elementor-element elementor-element-18d450a about_3col\" data-id=\"18d450a\" data-element_type=\"column\">\n\t\t\t<div class=\"elementor-widget-wrap elementor-element-populated\">\n\t\t\t\t\t\t<div class=\"elementor-element elementor-element-a6101de elementor-widget__width-auto about_3col_img elementor-widget elementor-widget-image\" data-id=\"a6101de\" data-element_type=\"widget\" data-widget_type=\"image.default\">\n\t\t\t\t<div class=\"elementor-widget-container\">\n\t\t\t\t\t\t\t\t\t\t<figure class=\"wp-caption\">\n\t\t\t\t\t\t\t\t\t\t<img decoding=\"async\" src=\"https:\/\/staging.avessoknitlab.com\/wp-content\/uploads\/2023\/07\/about_asset_03.svg\" class=\"attachment-full size-full wp-image-1904\" alt=\"\" \/>\t\t\t\t\t\t\t\t\t\t\t<figcaption class=\"widget-image-caption wp-caption-text\">Education<\/figcaption>\n\t\t\t\t\t\t\t\t\t\t<\/figure>\n\t\t\t\t\t\t\t<\/div>\n\t\t\t\t<\/div>\n\t\t\t\t<div class=\"elementor-element elementor-element-6d67253 elementor-widget__width-inherit elementor-widget elementor-widget-text-editor\" data-id=\"6d67253\" data-element_type=\"widget\" data-widget_type=\"text-editor.default\">\n\t\t\t\t<div class=\"elementor-widget-container\">\n\t\t\t\t\t\t\t<p>We use the lab as a center for knitting exploration, fostering knowledge and stimulating the upcoming generations through our practices and results.<\/p>\t\t\t\t\t\t<\/div>\n\t\t\t\t<\/div>\n\t\t\t\t\t<\/div>\n\t\t<\/div>\n\t\t\t\t\t<\/div>\n\t\t<\/section>\n\t\t\t\t\t<\/div>\n\t\t<\/div>\n\t\t\t\t\t<\/div>\n\t\t<\/section>\n\t\t\t\t<\/div>","protected":false},"excerpt":{"rendered":"<p>Exploring knit boundaries. Somos o primeiro laborat\u00f3rio de explora\u00e7\u00e3o da malha em Portugal. Um espa\u00e7o dedicado a inspirar e redefinir os limites da malha enquanto t\u00e9cnica, atrav\u00e9s de uma pr\u00e1tica focada em explora\u00e7\u00e3o ativa e colabora\u00e7\u00e3o criativa. Avesso significa a nossa vontade de mudar a forma como se olha para a malha. \u00c9 ver a [&hellip;]<\/p>","protected":false},"author":2,"featured_media":129,"parent":0,"menu_order":0,"comment_status":"closed","ping_status":"closed","template":"elementor_header_footer","meta":{"_acf_changed":false,"footnotes":""},"class_list":["post-1751","page","type-page","status-publish","has-post-thumbnail","hentry"],"acf":[],"yoast_head":"<!-- This site is optimized with the Yoast SEO Premium plugin v23.0 (Yoast SEO v23.0) - https:\/\/yoast.com\/wordpress\/plugins\/seo\/ -->\n<title>Sobre n\u00f3s | avesso knitlab<\/title>\n<meta name=\"description\" content=\"A Avesso \u00e9 o primeiro laborat\u00f3rio de exolora\u00e7\u00e3o da malha em Portugal. Procuramos resultados distintos, focados na inova\u00e7\u00e3o, colabora\u00e7\u00e3o e educa\u00e7\u00e3o.\" \/>\n<meta name=\"robots\" content=\"noindex, follow, max-snippet:-1, max-image-preview:large, max-video-preview:-1\" \/>\n<meta property=\"og:locale\" content=\"en_GB\" \/>\n<meta property=\"og:type\" content=\"article\" \/>\n<meta property=\"og:title\" content=\"Sobre N\u00f3s\" \/>\n<meta property=\"og:description\" content=\"A Avesso \u00e9 o primeiro laborat\u00f3rio de exolora\u00e7\u00e3o da malha em Portugal. Procuramos resultados distintos, focados na inova\u00e7\u00e3o, colabora\u00e7\u00e3o e educa\u00e7\u00e3o.\" \/>\n<meta property=\"og:url\" content=\"https:\/\/staging.avessoknitlab.com\/en\/sobre-nos\/\" \/>\n<meta property=\"og:site_name\" content=\"avesso knitlab\" \/>\n<meta property=\"article:modified_time\" content=\"2024-03-25T09:32:41+00:00\" \/>\n<meta property=\"og:image\" content=\"https:\/\/staging.avessoknitlab.com\/wp-content\/uploads\/2023\/06\/avesso-Thumbnail.png\" \/>\n\t<meta property=\"og:image:width\" content=\"260\" \/>\n\t<meta property=\"og:image:height\" content=\"260\" \/>\n\t<meta property=\"og:image:type\" content=\"image\/png\" \/>\n<meta name=\"twitter:card\" content=\"summary_large_image\" \/>\n<meta name=\"twitter:label1\" content=\"Estimated reading time\" \/>\n\t<meta name=\"twitter:data1\" content=\"3 minutes\" \/>\n<script type=\"application\/ld+json\" class=\"yoast-schema-graph\">{\"@context\":\"https:\/\/schema.org\",\"@graph\":[{\"@type\":\"WebPage\",\"@id\":\"https:\/\/staging.avessoknitlab.com\/sobre-nos\/\",\"url\":\"https:\/\/staging.avessoknitlab.com\/sobre-nos\/\",\"name\":\"Sobre n\u00f3s | avesso knitlab\",\"isPartOf\":{\"@id\":\"https:\/\/staging.avessoknitlab.com\/#website\"},\"primaryImageOfPage\":{\"@id\":\"https:\/\/staging.avessoknitlab.com\/sobre-nos\/#primaryimage\"},\"image\":{\"@id\":\"https:\/\/staging.avessoknitlab.com\/sobre-nos\/#primaryimage\"},\"thumbnailUrl\":\"https:\/\/staging.avessoknitlab.com\/wp-content\/uploads\/2023\/06\/avesso-Thumbnail.png\",\"datePublished\":\"2023-07-04T17:45:41+00:00\",\"dateModified\":\"2024-03-25T09:32:41+00:00\",\"description\":\"A Avesso \u00e9 o primeiro laborat\u00f3rio de exolora\u00e7\u00e3o da malha em Portugal. Procuramos resultados distintos, focados na inova\u00e7\u00e3o, colabora\u00e7\u00e3o e educa\u00e7\u00e3o.\",\"breadcrumb\":{\"@id\":\"https:\/\/staging.avessoknitlab.com\/sobre-nos\/#breadcrumb\"},\"inLanguage\":\"en-GB\",\"potentialAction\":[{\"@type\":\"ReadAction\",\"target\":[\"https:\/\/staging.avessoknitlab.com\/sobre-nos\/\"]}]},{\"@type\":\"ImageObject\",\"inLanguage\":\"en-GB\",\"@id\":\"https:\/\/staging.avessoknitlab.com\/sobre-nos\/#primaryimage\",\"url\":\"https:\/\/staging.avessoknitlab.com\/wp-content\/uploads\/2023\/06\/avesso-Thumbnail.png\",\"contentUrl\":\"https:\/\/staging.avessoknitlab.com\/wp-content\/uploads\/2023\/06\/avesso-Thumbnail.png\",\"width\":260,\"height\":260},{\"@type\":\"BreadcrumbList\",\"@id\":\"https:\/\/staging.avessoknitlab.com\/sobre-nos\/#breadcrumb\",\"itemListElement\":[{\"@type\":\"ListItem\",\"position\":1,\"name\":\"Home\",\"item\":\"https:\/\/staging.avessoknitlab.com\/\"},{\"@type\":\"ListItem\",\"position\":2,\"name\":\"Sobre N\u00f3s\"}]},{\"@type\":\"WebSite\",\"@id\":\"https:\/\/staging.avessoknitlab.com\/#website\",\"url\":\"https:\/\/staging.avessoknitlab.com\/\",\"name\":\"avesso knitlab\",\"description\":\"Exploring knit boundaries\",\"publisher\":{\"@id\":\"https:\/\/staging.avessoknitlab.com\/#organization\"},\"potentialAction\":[{\"@type\":\"SearchAction\",\"target\":{\"@type\":\"EntryPoint\",\"urlTemplate\":\"https:\/\/staging.avessoknitlab.com\/?s={search_term_string}\"},\"query-input\":\"required name=search_term_string\"}],\"inLanguage\":\"en-GB\"},{\"@type\":\"Organization\",\"@id\":\"https:\/\/staging.avessoknitlab.com\/#organization\",\"name\":\"avesso knitlab\",\"url\":\"https:\/\/staging.avessoknitlab.com\/\",\"logo\":{\"@type\":\"ImageObject\",\"inLanguage\":\"en-GB\",\"@id\":\"https:\/\/staging.avessoknitlab.com\/#\/schema\/logo\/image\/\",\"url\":\"https:\/\/staging.avessoknitlab.com\/wp-content\/uploads\/2023\/06\/avesso-Logo-White.svg\",\"contentUrl\":\"https:\/\/staging.avessoknitlab.com\/wp-content\/uploads\/2023\/06\/avesso-Logo-White.svg\",\"caption\":\"avesso knitlab\"},\"image\":{\"@id\":\"https:\/\/staging.avessoknitlab.com\/#\/schema\/logo\/image\/\"}}]}<\/script>\n<!-- \/ Yoast SEO Premium plugin. -->","yoast_head_json":{"title":"Sobre n\u00f3s | avesso knitlab","description":"A Avesso \u00e9 o primeiro laborat\u00f3rio de exolora\u00e7\u00e3o da malha em Portugal. Procuramos resultados distintos, focados na inova\u00e7\u00e3o, colabora\u00e7\u00e3o e educa\u00e7\u00e3o.","robots":{"index":"noindex","follow":"follow","max-snippet":"max-snippet:-1","max-image-preview":"max-image-preview:large","max-video-preview":"max-video-preview:-1"},"og_locale":"en_GB","og_type":"article","og_title":"Sobre N\u00f3s","og_description":"A Avesso \u00e9 o primeiro laborat\u00f3rio de exolora\u00e7\u00e3o da malha em Portugal. Procuramos resultados distintos, focados na inova\u00e7\u00e3o, colabora\u00e7\u00e3o e educa\u00e7\u00e3o.","og_url":"https:\/\/staging.avessoknitlab.com\/en\/sobre-nos\/","og_site_name":"avesso knitlab","article_modified_time":"2024-03-25T09:32:41+00:00","og_image":[{"width":260,"height":260,"url":"https:\/\/staging.avessoknitlab.com\/wp-content\/uploads\/2023\/06\/avesso-Thumbnail.png","type":"image\/png"}],"twitter_card":"summary_large_image","twitter_misc":{"Estimated reading time":"3 minutes"},"schema":{"@context":"https:\/\/schema.org","@graph":[{"@type":"WebPage","@id":"https:\/\/staging.avessoknitlab.com\/sobre-nos\/","url":"https:\/\/staging.avessoknitlab.com\/sobre-nos\/","name":"Sobre n\u00f3s | avesso knitlab","isPartOf":{"@id":"https:\/\/staging.avessoknitlab.com\/#website"},"primaryImageOfPage":{"@id":"https:\/\/staging.avessoknitlab.com\/sobre-nos\/#primaryimage"},"image":{"@id":"https:\/\/staging.avessoknitlab.com\/sobre-nos\/#primaryimage"},"thumbnailUrl":"https:\/\/staging.avessoknitlab.com\/wp-content\/uploads\/2023\/06\/avesso-Thumbnail.png","datePublished":"2023-07-04T17:45:41+00:00","dateModified":"2024-03-25T09:32:41+00:00","description":"A Avesso \u00e9 o primeiro laborat\u00f3rio de exolora\u00e7\u00e3o da malha em Portugal. Procuramos resultados distintos, focados na inova\u00e7\u00e3o, colabora\u00e7\u00e3o e educa\u00e7\u00e3o.","breadcrumb":{"@id":"https:\/\/staging.avessoknitlab.com\/sobre-nos\/#breadcrumb"},"inLanguage":"en-GB","potentialAction":[{"@type":"ReadAction","target":["https:\/\/staging.avessoknitlab.com\/sobre-nos\/"]}]},{"@type":"ImageObject","inLanguage":"en-GB","@id":"https:\/\/staging.avessoknitlab.com\/sobre-nos\/#primaryimage","url":"https:\/\/staging.avessoknitlab.com\/wp-content\/uploads\/2023\/06\/avesso-Thumbnail.png","contentUrl":"https:\/\/staging.avessoknitlab.com\/wp-content\/uploads\/2023\/06\/avesso-Thumbnail.png","width":260,"height":260},{"@type":"BreadcrumbList","@id":"https:\/\/staging.avessoknitlab.com\/sobre-nos\/#breadcrumb","itemListElement":[{"@type":"ListItem","position":1,"name":"Home","item":"https:\/\/staging.avessoknitlab.com\/"},{"@type":"ListItem","position":2,"name":"Sobre N\u00f3s"}]},{"@type":"WebSite","@id":"https:\/\/staging.avessoknitlab.com\/#website","url":"https:\/\/staging.avessoknitlab.com\/","name":"avesso knitlab","description":"Exploring knit boundaries","publisher":{"@id":"https:\/\/staging.avessoknitlab.com\/#organization"},"potentialAction":[{"@type":"SearchAction","target":{"@type":"EntryPoint","urlTemplate":"https:\/\/staging.avessoknitlab.com\/?s={search_term_string}"},"query-input":"required name=search_term_string"}],"inLanguage":"en-GB"},{"@type":"Organization","@id":"https:\/\/staging.avessoknitlab.com\/#organization","name":"avesso knitlab","url":"https:\/\/staging.avessoknitlab.com\/","logo":{"@type":"ImageObject","inLanguage":"en-GB","@id":"https:\/\/staging.avessoknitlab.com\/#\/schema\/logo\/image\/","url":"https:\/\/staging.avessoknitlab.com\/wp-content\/uploads\/2023\/06\/avesso-Logo-White.svg","contentUrl":"https:\/\/staging.avessoknitlab.com\/wp-content\/uploads\/2023\/06\/avesso-Logo-White.svg","caption":"avesso knitlab"},"image":{"@id":"https:\/\/staging.avessoknitlab.com\/#\/schema\/logo\/image\/"}}]}},"_links":{"self":[{"href":"https:\/\/staging.avessoknitlab.com\/en\/wp-json\/wp\/v2\/pages\/1751"}],"collection":[{"href":"https:\/\/staging.avessoknitlab.com\/en\/wp-json\/wp\/v2\/pages"}],"about":[{"href":"https:\/\/staging.avessoknitlab.com\/en\/wp-json\/wp\/v2\/types\/page"}],"author":[{"embeddable":true,"href":"https:\/\/staging.avessoknitlab.com\/en\/wp-json\/wp\/v2\/users\/2"}],"replies":[{"embeddable":true,"href":"https:\/\/staging.avessoknitlab.com\/en\/wp-json\/wp\/v2\/comments?post=1751"}],"version-history":[{"count":20,"href":"https:\/\/staging.avessoknitlab.com\/en\/wp-json\/wp\/v2\/pages\/1751\/revisions"}],"predecessor-version":[{"id":2998,"href":"https:\/\/staging.avessoknitlab.com\/en\/wp-json\/wp\/v2\/pages\/1751\/revisions\/2998"}],"wp:featuredmedia":[{"embeddable":true,"href":"https:\/\/staging.avessoknitlab.com\/en\/wp-json\/wp\/v2\/media\/129"}],"wp:attachment":[{"href":"https:\/\/staging.avessoknitlab.com\/en\/wp-json\/wp\/v2\/media?parent=1751"}],"curies":[{"name":"wp","href":"https:\/\/api.w.org\/{rel}","templated":true}]}}